{"id":732,"date":"2012-02-22T04:56:18","date_gmt":"2012-02-22T03:56:18","guid":{"rendered":"https:\/\/onlinevideoausbildung.de\/blog\/?page_id=732"},"modified":"2016-02-17T03:43:55","modified_gmt":"2016-02-17T02:43:55","slug":"impressum","status":"publish","type":"page","link":"https:\/\/onlinevideoausbildung.de\/blog\/impressum\/","title":{"rendered":"i"},"content":{"rendered":"<h3>Impressum:<\/h3>\n<p>&nbsp;<\/p>\n<p>ivan GALiLEO \u2013 VideoMarketing<br \/>\ninfo@videoMotiv.de<br \/>\n07634 \u2013 50 88 430<br \/>\nMarkgrafenstra\u00dfe 8<br \/>\n79295 Sulzburg<br \/>\nUSt-IdNr.: DE175304137<\/p>\n<h3><\/h3>\n<h3><\/h3>\n<h3><\/h3>\n<h3>Bildnachweis:<\/h3>\n<p>\u00a9 iStockphoto.com | GeorgeManga<br \/>\n\u00a9 iStockphoto.com | Yuri_Arcurs<\/p>\n<p>&nbsp;<\/p>\n<h4><strong>DATENSCHUTZ<\/strong><\/h4>\n<p>Die Nutzung unserer Webseite ist in der Regel ohne Angabe personenbezogener Daten m\u00f6glich. Soweit auf unseren Seiten personenbezogene Daten (beispielsweise Name,<br \/>\nAnschrift oder eMail-Adressen) erhoben werden, erfolgt dies, soweit m\u00f6glich, stets auf freiwilliger Basis. Diese Daten werden ohne Ihre ausdr\u00fcckliche Zustimmung nicht an Dritte weitergegeben.<\/p>\n<p>Personenbezogene Daten werden nur bei Anforderung des kostenlosen E-Books \u201cDas Video-Marketing-Manuskripts 2.0\u201d in Form der E-Mail-Adresse erhoben. Das E-Book wird im Austausch mit der E-Mail-Adresse und einer themenrelevanten Frage kostenfrei an den Interessenten ausgeliefert. Durch die angegebene E-Mail-Adresse nehmen wir allerdings wiederholt Kontakt zum Interessenten auf, versenden kostenfreie Informationen und promoten hin und wieder auch eigene oder fremde Produkte aus dem Themenbereich\u00a0Online-Marketing im weitesten Sinne. Das gleiche gilt f\u00fcr die sogenannten VideoTipps, eine Art Newsletter in E-Mailform, welcher unregelm\u00e4\u00dfig an alle Interessenten, die das Formular hier in der Sidebar des Blogs ausgef\u00fcllt haben, verschickt wird. Nat\u00fcrlich hat jeder E-Mail-Empf\u00e4nger zu jeder Zeit die M\u00f6glichkeit, sich mit einem einfachen Klick aus dem E-Mail-Verteiler wieder auszutragen. Eine Weitergabe der E-Mail-Adresse an Dritte erfolgt ebenfalls nicht.<\/p>\n<p>Wir weisen darauf hin, dass die Daten\u00fcbertragung im Internet (z.B.<br \/>\nbei der Kommunikation per E-Mail) Sicherheitsl\u00fccken aufweisen kann.<br \/>\nEin l\u00fcckenloser Schutz der Daten vor dem Zugriff durch Dritte ist nicht<br \/>\nm\u00f6glich.<\/p>\n<p>Der Nutzung von im Rahmen der Impressumspflicht ver\u00f6ffentlichten Kontaktdaten<br \/>\ndurch Dritte zur \u00dcbersendung von nicht ausdr\u00fccklich angeforderter<br \/>\nWerbung und Informationsmaterialien wird hiermit ausdr\u00fccklich widersprochen.<br \/>\nDie Betreiber der Seiten behalten sich ausdr\u00fccklich rechtliche Schritte<br \/>\nim Falle der unverlangten Zusendung von Werbeinformationen, etwa durch Spam-Mails,<br \/>\nvor.<\/p>\n<p>&nbsp;<\/p>\n<h4 style=\"text-align: left;\"><strong>DATENSCHUTZERKL\u00c4RUNG F\u00dcR DIE NUTZUNG VON FACEBOOK-PLUGINS<br \/>\n(LIKE-BUTTON)<\/strong><\/h4>\n<p>Auf unseren Seiten sind Plugins des sozialen Netzwerks Facebook,<br \/>\n1601 South California Avenue, Palo Alto, CA 94304, USA integriert.<br \/>\nDie Facebook-Plugins erkennen Sie an dem Facebook-Logo oder<br \/>\ndem \u201cLike-Button\u201d (\u201cGef\u00e4llt mir\u201d) auf unserer Seite. Eine \u00dcbersicht<br \/>\n\u00fcber die Facebook-Plugins finden Sie hier:<br \/>\n<a href=\"http:\/\/developers.facebook.com\/docs\/plugins\/\" target=\"_blank\">http:\/\/developers.facebook.com\/docs\/plugins\/<\/a>.<br \/>\nWenn Sie unsere Seiten<br \/>\nbesuchen, wird \u00fcber das Plugin eine direkte Verbindung zwischen Ihrem<br \/>\nBrowser und dem Facebook-Server hergestellt. Facebook erh\u00e4lt dadurch<br \/>\ndie Information, dass Sie mit Ihrer IP-Adresse unsere Seite<br \/>\nbesucht haben. Wenn Sie den Facebook \u201cLike-Button\u201d anklicken w\u00e4hrend<br \/>\nSie in Ihrem Facebook-Account eingeloggt sind, k\u00f6nnen Sie die Inhalte<br \/>\nunserer Seiten auf Ihrem Facebook-Profil verlinken. Dadurch kann<br \/>\nFacebook den Besuch unserer Seiten Ihrem Benutzerkonto zuordnen. Wir<br \/>\nweisen darauf hin, dass wir als Anbieter der Seiten keine Kenntnis vom<br \/>\nInhalt der \u00fcbermittelten Daten sowie deren Nutzung durch Facebook<br \/>\nerhalten. Weitere Informationen hierzu finden Sie in der<br \/>\nDatenschutzerkl\u00e4rung von facebook unter<br \/>\n<a href=\"http:\/\/de-de.facebook.com\/policy.php\" target=\"_blank\"><br \/>\nhttp:\/\/de-de.facebook.com\/policy.php<\/a><\/p>\n<p>Wenn Sie nicht w\u00fcnschen, dass Facebook den Besuch unserer Seiten Ihrem<br \/>\nFacebook-Nutzerkonto zuordnen kann, loggen Sie sich bitte aus Ihrem<br \/>\nFacebook-Benutzerkonto aus.<\/p>\n<p>&nbsp;<\/p>\n<h4 style=\"text-align: left;\"><strong>DATENSCHUTZERKL\u00c4RUNG F\u00dcR DIE NUTZUNG VON GOOGLE ANALYTICS<\/strong><\/h4>\n<p>Diese Website benutzt Google Analytics, einen Webanalysedienst der Google Inc. (\u201cGoogle\u201d). Google Analytics verwendet sog. \u201cCookies\u201d, Textdateien, die auf Ihrem Computer gespeichert werden und die eine Analyse der Benutzung der Website durch Sie erm\u00f6glichen. Die durch den Cookie erzeugten Informationen \u00fcber Ihre Benutzung dieser Website werden in der Regel an einen Server von Google in den USA \u00fcbertragen und dort gespeichert. Im Falle der Aktivierung der IP-Anonymisierung auf dieser Webseite wird Ihre IP-Adresse von Google jedoch innerhalb von Mitgliedstaaten der Europ\u00e4ischen Union oder in anderen Vertragsstaaten des Abkommens \u00fcber den Europ\u00e4ischen Wirtschaftsraum zuvor gek\u00fcrzt.<\/p>\n<p>Nur in Ausnahmef\u00e4llen wird die volle IP-Adresse an einen Server von Google in den USA \u00fcbertragen und dort gek\u00fcrzt. Im Auftrag des Betreibers dieser Website wird Google diese Informationen benutzen, um Ihre Nutzung der Website auszuwerten, um Reports \u00fcber die Websiteaktivit\u00e4ten zusammenzustellen und um weitere mit der Websitenutzung und der Internetnutzung verbundene Dienstleistungen gegen\u00fcber dem Websitebetreiber zu erbringen. Die im Rahmen von Google Analytics von Ihrem Browser \u00fcbermittelte IP-Adresse wird nicht mit anderen Daten von Google zusammengef\u00fchrt.<\/p>\n<p>Sie k\u00f6nnen die Speicherung der Cookies durch eine entsprechende Einstellung Ihrer Browser-Software verhindern; wir weisen Sie jedoch darauf hin, dass Sie in diesem Fall gegebenenfalls nicht s\u00e4mtliche Funktionen dieser Website vollumf\u00e4nglich werden nutzen k\u00f6nnen. Sie k\u00f6nnen dar\u00fcber hinaus die Erfassung der durch das Cookie erzeugten und auf Ihre Nutzung der Website bezogenen Daten (inkl. Ihrer IP-Adresse) an Google sowie die Verarbeitung dieser Daten durch Google verhindern, indem sie das unter dem folgenden Link verf\u00fcgbare Browser-Plugin herunterladen und installieren:\u00a0<a href=\"http:\/\/tools.google.com\/dlpage\/gaoptout?hl=de\">http:\/\/tools.google.com\/dlpage\/gaoptout?hl=de<\/a>.<\/p>\n<h4 style=\"text-align: left;\"><strong>DATENSCHUTZERKL\u00c4RUNG F\u00dcR DIE NUTZUNG VON GOOGLE +1<\/strong><\/h4>\n<p><em>Erfassung und Weitergabe von Informationen:<\/em><br \/>\nMithilfe der Google +1-Schaltfl\u00e4che k\u00f6nnen Sie Informationen weltweit<br \/>\nver\u00f6ffentlichen. \u00fcber die Google +1-Schaltfl\u00e4che erhalten Sie und andere<br \/>\nNutzer personalisierte Inhalte von Google und unseren Partnern. Google<br \/>\nspeichert sowohl die Information, dass Sie f\u00fcr einen Inhalt +1 gegeben<br \/>\nhaben, als auch Informationen \u00fcber die Seite, die Sie beim Klicken auf<br \/>\n+1 angesehen haben. Ihre +1 k\u00f6nnen als Hinweise zusammen mit Ihrem<br \/>\nProfilnamen und Ihrem Foto in Google-Diensten, wie etwa in<br \/>\nSuchergebnissen oder in Ihrem Google-Profil, oder an anderen Stellen auf<br \/>\nWebsites und Anzeigen im Internet eingeblendet werden.<br \/>\nGoogle zeichnet Informationen \u00fcber Ihre +1-Aktivit\u00e4ten auf, um die<br \/>\nGoogle-Dienste f\u00fcr Sie und andere zu verbessern. Um die Google<br \/>\n+1-Schaltfl\u00e4che verwenden zu k\u00f6nnen, ben\u00f6tigen Sie ein weltweit<br \/>\nsichtbares, \u00f6ffentliches Google-Profil, das zumindest den f\u00fcr das<br \/>\nProfil gew\u00e4hlten Namen enthalten muss. Dieser Name wird in allen<br \/>\nGoogle-Diensten verwendet. In manchen F\u00e4llen kann dieser Name auch<br \/>\neinen anderen Namen ersetzen, den Sie beim Teilen von Inhalten \u00fcber<br \/>\nIhr Google-Konto verwendet haben. Die Identit\u00e4t Ihres Google-Profils<br \/>\nkann Nutzern angezeigt werden, die Ihre E-Mail-Adresse kennen oder<br \/>\n\u00fcber andere identifizierende Informationen von Ihnen verf\u00fcgen.<\/p>\n<p><em>Verwendung der erfassten Informationen:<\/em><br \/>\nNeben den oben erl\u00e4uterten Verwendungszwecken werden die von Ihnen<br \/>\nbereitgestellten Informationen gem\u00e4\u00df den geltenden<br \/>\nGoogle-Datenschutzbestimmungen genutzt. Google ver\u00f6ffentlicht<br \/>\nm\u00f6glicherweise zusammengefasste Statistiken \u00fcber die +1-Aktivit\u00e4ten<br \/>\nder Nutzer bzw. gibt diese an Nutzer und Partner weiter, wie etwa<br \/>\nPublisher, Inserenten oder verbundene Websites.<\/p>\n<p>&nbsp;<\/p>\n<h4 style=\"text-align: left;\"><strong>DATENSCHUTZERKL\u00c4RUNG F\u00dcR DIE NUTZUNG VON TWITTER<\/strong><\/h4>\n<p>Auf unseren Seiten sind Funktionen des Dienstes Twitter eingebunden.<br \/>\nDiese Funktionen werden angeboten durch die Twitter Inc., 795<br \/>\nFolsom St., Suite 600, San Francisco, CA 94107, USA. Durch das Benutzen<br \/>\nvon Twitter und der Funktion \u201cRe-Tweet\u201d werden die von Ihnen<br \/>\nbesuchten Webseiten mit Ihrem Twitter-Account verkn\u00fcpft und anderen<br \/>\nNutzern bekannt gegeben. Dabei werden auch Daten an Twitter \u00fcbertragen.<\/p>\n<p>Wir weisen darauf hin, dass wir als Anbieter der Seiten keine<br \/>\nKenntnis vom Inhalt der \u00fcbermittelten Daten sowie deren Nutzung durch<br \/>\nTwitter erhalten. Weitere Informationen hierzu finden Sie in der<br \/>\nDatenschutzerkl\u00e4rung von Twitter unter<br \/>\n<a href=\"http:\/\/twitter.com\/privacy\" target=\"_blank\">http:\/\/twitter.com\/privacy<\/a>.<\/p>\n<p>Ihre Datenschutzeinstellungen bei Twitter k\u00f6nnen Sie in den<br \/>\nKonto-Einstellungen unter<br \/>\n<a href=\"http:\/\/twitter.com\/account\/settings\" target=\"_blank\">http:\/\/twitter.com\/account\/settings<\/a>\u00a0\u00e4ndern.<\/p>\n<p>&nbsp;<\/p>\n<p><em>Quellverweis:\u00a0<a href=\"http:\/\/www.e-recht24.de\/muster-disclaimer.htm\" target=\"_blank\">Disclaimer eRecht24<\/a>,\u00a0<a href=\"http:\/\/www.e-recht24.de\/artikel\/datenschutz\/6590-facebook-like-button-datenschutz-disclaimer.html\" target=\"_blank\">eRecht24 Datenschutzerkl\u00e4rung f\u00fcr Facebook<\/a>,\u00a0<a href=\"http:\/\/www.google.com\/intl\/de\/policies\/privacy\/\" target=\"_blank\">Google Analytics Datenschutzerkl\u00e4rung<\/a>,\u00a0<a href=\"http:\/\/www.e-recht24.de\/artikel\/datenschutz\/6635-datenschutz-rechtliche-risiken-bei-der-nutzung-von-google-analytics-und-googleadsense.html\" target=\"_blank\">eRecht24 Datenschutzerkl\u00e4rung Google Adsense<\/a>,\u00a0<a href=\"http:\/\/www.google.com\/intl\/de\/+\/policy\/+1button.html\" target=\"_blank\">Datenschutzerkl\u00e4rung f\u00fcr Google +1<\/a>,\u00a0<a href=\"http:\/\/twitter.com\/privacy\" target=\"_blank\">Datenschutzerkl\u00e4rung Twitter<\/a><\/em><\/p>\n<p>&nbsp;<\/p>\n<p>ivan GALiLEO ist Teilnehmer des Partnerprogramms von Amazon EU, das zur Bereitstellung eines Mediums f\u00fcr Websites konzipiert wurde, mittels dessen durch die Platzierung von Werbeanzeigen und Links zu Amazon.de Werbekostenerstattung verdient werden kann.<\/p>\n","protected":false},"excerpt":{"rendered":"<p>Impressum: &nbsp; ivan GALiLEO \u2013 VideoMarketing info@videoMotiv.de 07634 \u2013 50 88 430 Markgrafenstra\u00dfe 8 79295 Sulzburg USt-IdNr.: DE175304137 Bildnachweis: \u00a9 iStockphoto.com | GeorgeManga \u00a9 iStockphoto.com | Yuri_Arcurs &nbsp; DATENSCHUTZ Die Nutzung unserer Webseite ist in der Regel ohne Angabe personenbezogener Daten m\u00f6glich. Soweit auf unseren Seiten personenbezogene Daten (beispielsweise Name, Anschrift oder eMail-Adressen) erhoben werden, [&hellip;]<\/p>\n","protected":false},"author":3,"featured_media":0,"parent":0,"menu_order":6,"comment_status":"closed","ping_status":"closed","template":"","meta":{"site-sidebar-layout":"default","site-content-layout":"","ast-site-content-layout":"default","site-content-style":"default","site-sidebar-style":"default","ast-global-header-display":"","ast-banner-title-visibility":"","ast-main-header-display":"","ast-hfb-above-header-display":"","ast-hfb-below-header-display":"","ast-hfb-mobile-header-display":"","site-post-title":"","ast-breadcrumbs-content":"","ast-featured-img":"","footer-sml-layout":"","ast-disable-related-posts":"","theme-transparent-header-meta":"","adv-header-id-meta":"","stick-header-meta":"","header-above-stick-meta":"","header-main-stick-meta":"","header-below-stick-meta":"","astra-migrate-meta-layouts":"default","ast-page-background-enabled":"default","ast-page-background-meta":{"desktop":{"background-color":"","background-image":"","background-repeat":"repeat","background-position":"center center","background-size":"auto","background-attachment":"scroll","background-type":"","background-media":"","overlay-type":"","overlay-color":"","overlay-opacity":"","overlay-gradient":""},"tablet":{"background-color":"","background-image":"","background-repeat":"repeat","background-position":"center center","background-size":"auto","background-attachment":"scroll","background-type":"","background-media":"","overlay-type":"","overlay-color":"","overlay-opacity":"","overlay-gradient":""},"mobile":{"background-color":"","background-image":"","background-repeat":"repeat","background-position":"center center","background-size":"auto","background-attachment":"scroll","background-type":"","background-media":"","overlay-type":"","overlay-color":"","overlay-opacity":"","overlay-gradient":""}},"ast-content-background-meta":{"desktop":{"background-color":"var(--ast-global-color-5)","background-image":"","background-repeat":"repeat","background-position":"center center","background-size":"auto","background-attachment":"scroll","background-type":"","background-media":"","overlay-type":"","overlay-color":"","overlay-opacity":"","overlay-gradient":""},"tablet":{"background-color":"var(--ast-global-color-5)","background-image":"","background-repeat":"repeat","background-position":"center center","background-size":"auto","background-attachment":"scroll","background-type":"","background-media":"","overlay-type":"","overlay-color":"","overlay-opacity":"","overlay-gradient":""},"mobile":{"background-color":"var(--ast-global-color-5)","background-image":"","background-repeat":"repeat","background-position":"center center","background-size":"auto","background-attachment":"scroll","background-type":"","background-media":"","overlay-type":"","overlay-color":"","overlay-opacity":"","overlay-gradient":""}},"footnotes":""},"class_list":["post-732","page","type-page","status-publish","hentry"],"_links":{"self":[{"href":"https:\/\/onlinevideoausbildung.de\/blog\/wp-json\/wp\/v2\/pages\/732","targetHints":{"allow":["GET"]}}],"collection":[{"href":"https:\/\/onlinevideoausbildung.de\/blog\/wp-json\/wp\/v2\/pages"}],"about":[{"href":"https:\/\/onlinevideoausbildung.de\/blog\/wp-json\/wp\/v2\/types\/page"}],"author":[{"embeddable":true,"href":"https:\/\/onlinevideoausbildung.de\/blog\/wp-json\/wp\/v2\/users\/3"}],"replies":[{"embeddable":true,"href":"https:\/\/onlinevideoausbildung.de\/blog\/wp-json\/wp\/v2\/comments?post=732"}],"version-history":[{"count":28,"href":"https:\/\/onlinevideoausbildung.de\/blog\/wp-json\/wp\/v2\/pages\/732\/revisions"}],"predecessor-version":[{"id":1483,"href":"https:\/\/onlinevideoausbildung.de\/blog\/wp-json\/wp\/v2\/pages\/732\/revisions\/1483"}],"wp:attachment":[{"href":"https:\/\/onlinevideoausbildung.de\/blog\/wp-json\/wp\/v2\/media?parent=732"}],"curies":[{"name":"wp","href":"https:\/\/api.w.org\/{rel}","templated":true}]}}