{"id":678,"date":"2011-12-02T04:51:47","date_gmt":"2011-12-02T03:51:47","guid":{"rendered":"https:\/\/onlinevideoausbildung.de\/blog\/?page_id=678"},"modified":"2022-10-15T16:34:31","modified_gmt":"2022-10-15T14:34:31","slug":"powerpoint-quickie","status":"publish","type":"page","link":"https:\/\/onlinevideoausbildung.de\/blog\/powerpoint-quickie\/","title":{"rendered":"PowerPoint Quickie"},"content":{"rendered":"<h3>Video Marketing mit PowerPoint 2010:<\/h3>\n<h4>PowerPoint Pr\u00e4sentation erstellen: [1\/12] VideoMarketing easy!<\/h4>\n<p><iframe loading=\"lazy\" src=\"https:\/\/www.youtube.com\/embed\/Do36tYgYBoM?&amp;showinfo=0&amp;rel=0\" width=\"640\" height=\"360\" frameborder=\"0\"><\/iframe><\/p>\n<hr \/>\n<p>&nbsp;<\/p>\n<h3>Video Marketing mit PowerPoint 2010:<\/h3>\n<h4>PowerPoint Pr\u00e4sentation erstellen [2\/12] Breitbild Video, Entwurf ausw\u00e4hlen<\/h4>\n<p>Bitte rechts unten im Video-Player auf <strong>Fullscreen (Vollbild) klicken<\/strong>,<br \/>\ndann kann man scharf lesen und erkennt alle Details<\/p>\n<p><iframe loading=\"lazy\" src=\"https:\/\/www.youtube.com\/embed\/hducEvzbLfQ?&amp;showinfo=0&amp;rel=0\" width=\"640\" height=\"360\" frameborder=\"0\"><\/iframe><\/p>\n<hr \/>\n<p>&nbsp;<\/p>\n<h3>Video Marketing mit PowerPoint 2010:<\/h3>\n<h4>PowerPoint Pr\u00e4sentation erstellen [3\/12] Fertige kleine Pr\u00e4sentation als Video<\/h4>\n<p>Bitte rechts unten im Video-Player auf <strong>Fullscreen (Vollbild) klicken<\/strong>,<br \/>\ndann kann man scharf lesen und erkennt alle Details<\/p>\n<p><iframe loading=\"lazy\" src=\"https:\/\/www.youtube.com\/embed\/DUp-H7-vFbE?&amp;showinfo=0&amp;rel=0\" width=\"640\" height=\"360\" frameborder=\"0\"><\/iframe><\/p>\n<hr \/>\n<p>&nbsp;<\/p>\n<h3>Video Marketing mit PowerPoint 2010:<\/h3>\n<h4>PowerPoint Pr\u00e4sentation erstellen [4\/12] Erste Folie, Titel, Schriftart \u00e4ndern<\/h4>\n<p>Bitte rechts unten im Video-Player auf <strong>Fullscreen (Vollbild) klicken<\/strong>,<br \/>\ndann kann man scharf lesen und erkennt alle Details<\/p>\n<p><iframe loading=\"lazy\" src=\"https:\/\/www.youtube.com\/embed\/AgflYpfuaoI?&amp;showinfo=0&amp;rel=0\" width=\"640\" height=\"360\" frameborder=\"0\"><\/iframe><\/p>\n<hr \/>\n<p>&nbsp;<\/p>\n<h3>Video Marketing mit PowerPoint 2010:<\/h3>\n<h4>PowerPoint Pr\u00e4sentation erstellen [5\/12] Zweite Folie, Bild einf\u00fcgen, Bild-Effekte, Text-Formatierung<\/h4>\n<p>Bitte rechts unten im Video-Player auf <strong>Fullscreen (Vollbild) klicken<\/strong>,<br \/>\ndann kann man scharf lesen und erkennt alle Details<\/p>\n<p><iframe loading=\"lazy\" src=\"https:\/\/www.youtube.com\/embed\/ji3rY2N54PM?&amp;showinfo=0&amp;rel=0\" width=\"640\" height=\"360\" frameborder=\"0\"><\/iframe><\/p>\n<hr \/>\n<p>&nbsp;<\/p>\n<h3>Video Marketing mit PowerPoint 2010:<\/h3>\n<h4>PowerPoint Pr\u00e4sentation erstellen [6\/12] Folien duplizieren, Marketing-Text strukturieren, Aufz\u00e4hlungszeichen<\/h4>\n<p>Bitte rechts unten im Video-Player auf <strong>Fullscreen (Vollbild) klicken<\/strong>,<br \/>\ndann kann man scharf lesen und erkennt alle Details<\/p>\n<p><iframe loading=\"lazy\" src=\"https:\/\/www.youtube.com\/embed\/wuEGIh28Tms?&amp;showinfo=0&amp;rel=0\" width=\"640\" height=\"360\" frameborder=\"0\"><\/iframe><\/p>\n<hr \/>\n<p>&nbsp;<\/p>\n<h3>Video Marketing mit PowerPoint 2010:<\/h3>\n<h4>PowerPoint Pr\u00e4sentation erstellen [7\/12] Anleitung schreiben (aus Editor kopieren), kleine Korrekturen, Hervorhebungen<\/h4>\n<p>Bitte rechts unten im Video-Player auf <strong>Fullscreen (Vollbild) klicken<\/strong>,<br \/>\ndann kann man scharf lesen und erkennt alle Details<\/p>\n<p><iframe loading=\"lazy\" src=\"https:\/\/www.youtube.com\/embed\/cywooFL9CVA?&amp;showinfo=0&amp;rel=0\" width=\"640\" height=\"360\" frameborder=\"0\"><\/iframe><\/p>\n<hr \/>\n<p>&nbsp;<\/p>\n<h3>Video Marketing mit PowerPoint 2010:<\/h3>\n<h4>PowerPoint Pr\u00e4sentation erstellen [8\/12] \u00dcberg\u00e4nge einbauen, Vorschau der Pr\u00e4sentation<\/h4>\n<p>Bitte rechts unten im Video-Player auf <strong>Fullscreen (Vollbild) klicken<\/strong>,<br \/>\ndann kann man scharf lesen und erkennt alle Details<\/p>\n<p><iframe loading=\"lazy\" src=\"https:\/\/www.youtube.com\/embed\/c6bO_qSdaDI?&amp;showinfo=0&amp;rel=0\" width=\"640\" height=\"360\" frameborder=\"0\"><\/iframe><\/p>\n<hr \/>\n<p>&nbsp;<\/p>\n<h3>Video Marketing mit PowerPoint 2010:<\/h3>\n<h4>PowerPoint Pr\u00e4sentation erstellen [9\/12] Bildschirmpr\u00e4sentation aufzeichnen, mit Sprache, wenn gew\u00fcnscht<\/h4>\n<p>Bitte rechts unten im Video-Player auf <strong>Fullscreen (Vollbild) klicken<\/strong>,<br \/>\ndann kann man scharf lesen und erkennt alle Details<\/p>\n<p><iframe loading=\"lazy\" src=\"https:\/\/www.youtube.com\/embed\/y6mdHCRc8mI?&amp;showinfo=0&amp;rel=0\" width=\"640\" height=\"360\" frameborder=\"0\"><\/iframe><\/p>\n<hr \/>\n<p>&nbsp;<\/p>\n<h3>Video Marketing mit PowerPoint 2010:<\/h3>\n<h4>PowerPoint Pr\u00e4sentation erstellen [10\/12] Kontrolle der Aufzeichnung&#8230;<\/h4>\n<p>Bitte rechts unten im Video-Player auf <strong>Fullscreen (Vollbild) klicken<\/strong>,<br \/>\ndann kann man scharf lesen und erkennt alle Details<\/p>\n<p><iframe loading=\"lazy\" src=\"https:\/\/www.youtube.com\/embed\/FIe5WRFfEnA?&amp;showinfo=0&amp;rel=0\" width=\"640\" height=\"360\" frameborder=\"0\"><\/iframe><\/p>\n<hr \/>\n<p>&nbsp;<\/p>\n<h3>Video Marketing mit PowerPoint 2010:<\/h3>\n<h4>PowerPoint Pr\u00e4sentation erstellen [11\/12] Pr\u00e4sentation samt Sprache und Zeitabl\u00e4ufen mit allen Animationen und sonstigen Elementen als echtes Video exportieren.<\/h4>\n<p>Bitte rechts unten im Video-Player auf <strong>Fullscreen (Vollbild) klicken<\/strong>,<br \/>\ndann kann man scharf lesen und erkennt alle Details<\/p>\n<p><iframe loading=\"lazy\" src=\"https:\/\/www.youtube.com\/embed\/kof1lY6cNJA?&amp;showinfo=0&amp;rel=0\" width=\"640\" height=\"360\" frameborder=\"0\"><\/iframe><\/p>\n<hr \/>\n<p>&nbsp;<\/p>\n<h3>Video Marketing mit PowerPoint 2010:<\/h3>\n<h4>PowerPoint Pr\u00e4sentation erstellen [12\/12] Fazit: Das schafft jeder total easy. Wollen Sie die Original-Datei haben?<\/h4>\n<p>Bitte rechts unten im Video-Player auf <strong>Fullscreen (Vollbild) klicken<\/strong>,<br \/>\ndann kann man scharf lesen und erkennt alle Details<\/p>\n<p><iframe loading=\"lazy\" src=\"https:\/\/www.youtube.com\/embed\/koD3JHFTcas?&amp;showinfo=0&amp;rel=0\" width=\"640\" height=\"360\" frameborder=\"0\"><\/iframe><\/p>\n<p>Schreiben Sie mir bitte ein Kommentar, ob Sie mit dem <strong>Mini-Kurs<\/strong> gut zurecht gekommen sind. Wenn Sie die <strong>Original PowerPoint Datei<\/strong>, die wir hier erstellt haben, von mir zugeschickt bekommen wollen, dann kopieren Sie bitte folgenden Satz ans Ende Ihres <strong>Kommentars:<\/strong><\/p>\n<p><span style=\"color: #993300;\">PS:<\/span><br \/>\n<span style=\"color: #993300;\">PowerPoint Datei &#8211; zu <strong>Video Marketing PowerPoint 2010<\/strong> Tutorials in deutsch, bitte zuschicken.<\/span><\/p>\n<p><span style=\"color: #000000;\">Oder schreiben Sie nat\u00fcrlich gerne in eigenen Worten, Hauptsache wir kommunizieren \ud83d\ude42<br \/>\nSie k\u00f6nnen auch gerne einen Link zu Ihrem PowerPoint Video posten \ud83d\ude00<\/span><\/p>\n","protected":false},"excerpt":{"rendered":"<p>Video Marketing mit PowerPoint 2010: PowerPoint Pr\u00e4sentation erstellen: [1\/12] VideoMarketing easy! &nbsp; Video Marketing mit PowerPoint 2010: PowerPoint Pr\u00e4sentation erstellen [2\/12] Breitbild Video, Entwurf ausw\u00e4hlen Bitte rechts unten im Video-Player auf Fullscreen (Vollbild) klicken, dann kann man scharf lesen und erkennt alle Details &nbsp; Video Marketing mit PowerPoint 2010: PowerPoint Pr\u00e4sentation erstellen [3\/12] Fertige kleine [&hellip;]<\/p>\n","protected":false},"author":3,"featured_media":0,"parent":0,"menu_order":4,"comment_status":"closed","ping_status":"closed","template":"","meta":{"site-sidebar-layout":"default","site-content-layout":"","ast-site-content-layout":"default","site-content-style":"default","site-sidebar-style":"default","ast-global-header-display":"","ast-banner-title-visibility":"","ast-main-header-display":"","ast-hfb-above-header-display":"","ast-hfb-below-header-display":"","ast-hfb-mobile-header-display":"","site-post-title":"","ast-breadcrumbs-content":"","ast-featured-img":"","footer-sml-layout":"","ast-disable-related-posts":"","theme-transparent-header-meta":"","adv-header-id-meta":"","stick-header-meta":"","header-above-stick-meta":"","header-main-stick-meta":"","header-below-stick-meta":"","astra-migrate-meta-layouts":"default","ast-page-background-enabled":"default","ast-page-background-meta":{"desktop":{"background-color":"","background-image":"","background-repeat":"repeat","background-position":"center center","background-size":"auto","background-attachment":"scroll","background-type":"","background-media":"","overlay-type":"","overlay-color":"","overlay-opacity":"","overlay-gradient":""},"tablet":{"background-color":"","background-image":"","background-repeat":"repeat","background-position":"center center","background-size":"auto","background-attachment":"scroll","background-type":"","background-media":"","overlay-type":"","overlay-color":"","overlay-opacity":"","overlay-gradient":""},"mobile":{"background-color":"","background-image":"","background-repeat":"repeat","background-position":"center center","background-size":"auto","background-attachment":"scroll","background-type":"","background-media":"","overlay-type":"","overlay-color":"","overlay-opacity":"","overlay-gradient":""}},"ast-content-background-meta":{"desktop":{"background-color":"var(--ast-global-color-5)","background-image":"","background-repeat":"repeat","background-position":"center center","background-size":"auto","background-attachment":"scroll","background-type":"","background-media":"","overlay-type":"","overlay-color":"","overlay-opacity":"","overlay-gradient":""},"tablet":{"background-color":"var(--ast-global-color-5)","background-image":"","background-repeat":"repeat","background-position":"center center","background-size":"auto","background-attachment":"scroll","background-type":"","background-media":"","overlay-type":"","overlay-color":"","overlay-opacity":"","overlay-gradient":""},"mobile":{"background-color":"var(--ast-global-color-5)","background-image":"","background-repeat":"repeat","background-position":"center center","background-size":"auto","background-attachment":"scroll","background-type":"","background-media":"","overlay-type":"","overlay-color":"","overlay-opacity":"","overlay-gradient":""}},"footnotes":""},"class_list":["post-678","page","type-page","status-publish","hentry"],"_links":{"self":[{"href":"https:\/\/onlinevideoausbildung.de\/blog\/wp-json\/wp\/v2\/pages\/678","targetHints":{"allow":["GET"]}}],"collection":[{"href":"https:\/\/onlinevideoausbildung.de\/blog\/wp-json\/wp\/v2\/pages"}],"about":[{"href":"https:\/\/onlinevideoausbildung.de\/blog\/wp-json\/wp\/v2\/types\/page"}],"author":[{"embeddable":true,"href":"https:\/\/onlinevideoausbildung.de\/blog\/wp-json\/wp\/v2\/users\/3"}],"replies":[{"embeddable":true,"href":"https:\/\/onlinevideoausbildung.de\/blog\/wp-json\/wp\/v2\/comments?post=678"}],"version-history":[{"count":37,"href":"https:\/\/onlinevideoausbildung.de\/blog\/wp-json\/wp\/v2\/pages\/678\/revisions"}],"predecessor-version":[{"id":1562,"href":"https:\/\/onlinevideoausbildung.de\/blog\/wp-json\/wp\/v2\/pages\/678\/revisions\/1562"}],"wp:attachment":[{"href":"https:\/\/onlinevideoausbildung.de\/blog\/wp-json\/wp\/v2\/media?parent=678"}],"curies":[{"name":"wp","href":"https:\/\/api.w.org\/{rel}","templated":true}]}}