{"id":633,"date":"2011-07-30T04:52:31","date_gmt":"2011-07-30T02:52:31","guid":{"rendered":"https:\/\/onlinevideoausbildung.de\/blog\/?page_id=633"},"modified":"2019-03-17T16:52:46","modified_gmt":"2019-03-17T15:52:46","slug":"video-marketing-manuskript","status":"publish","type":"page","link":"https:\/\/onlinevideoausbildung.de\/blog\/video-marketing-manuskript\/","title":{"rendered":"Video Marketing Manuskript"},"content":{"rendered":"<p><img loading=\"lazy\" decoding=\"async\" class=\"alignnone size-full wp-image-637\" title=\"Video-Marketing-Manuskript-Cover\" src=\"https:\/\/onlinevideoausbildung.de\/blog\/wp-content\/uploads\/2011\/07\/Video-Marketing-Manuskript-Cover-e1311985611516.jpg\" alt=\"VideoMarketing Manuskript\" width=\"632\" height=\"459\"><\/p>\n<h1>150 Seiten Power-E-Book f\u00fcr VideoMarketing<\/h1>\n<p><strong>Bis <\/strong><strong>Sommer 2015<\/strong> (verl\u00e4ngert) gibt es das gro\u00dfe <strong>Video-Marketing-Manuskript 2.0<\/strong> noch kostenlos per E-Mail, wenn Sie mir <strong>Ihre wichtigste Frage<\/strong> zum <strong>Thema Video<\/strong> schicken. Ich pers\u00f6nlich antworte auf Ihre Frage, live und in echt! Sp\u00e4testens in 24 &#8211; 48 Stunden haben Sie eine <strong>pers\u00f6nliche E-Mail<\/strong> von mir:<\/p>\n<div><strong>Video Marketing Manuskript 2.0 (150 Seiten Power-Infos!)<br \/>\nBitte hier kostenlos anfordern:<\/strong><\/p>\n<div style=\"background-color: #9eb8c4; color: #27606d; padding: 6px 0 0 10px;\">\n<div class=\"wpcf7 no-js\" id=\"wpcf7-f1063-o1\" lang=\"en-US\" dir=\"ltr\" data-wpcf7-id=\"1063\">\n<div class=\"screen-reader-response\"><p role=\"status\" aria-live=\"polite\" aria-atomic=\"true\"><\/p> <ul><\/ul><\/div>\n<form action=\"\/blog\/wp-json\/wp\/v2\/pages\/633#wpcf7-f1063-o1\" method=\"post\" class=\"wpcf7-form init\" aria-label=\"Contact form\" novalidate=\"novalidate\" data-status=\"init\">\n<fieldset class=\"hidden-fields-container\"><input type=\"hidden\" name=\"_wpcf7\" value=\"1063\" \/><input type=\"hidden\" name=\"_wpcf7_version\" value=\"6.1.5\" \/><input type=\"hidden\" name=\"_wpcf7_locale\" value=\"en_US\" \/><input type=\"hidden\" name=\"_wpcf7_unit_tag\" value=\"wpcf7-f1063-o1\" \/><input type=\"hidden\" name=\"_wpcf7_container_post\" value=\"0\" \/><input type=\"hidden\" name=\"_wpcf7_posted_data_hash\" value=\"\" \/>\n<\/fieldset>\n<p><span id=\"wpcf7-69e8b5b86844a-wrapper\" class=\"wpcf7-form-control-wrap da-honigimkopf-429-wrap\" style=\"display:none !important; visibility:hidden !important;\"><input type=\"hidden\" name=\"da-honigimkopf-429-time-start\" value=\"1776858552\"><input type=\"hidden\" name=\"da-honigimkopf-429-time-check\" value=\"10\"><input id=\"wpcf7-69e8b5b86844a-field\"  class=\"wpcf7-form-control wpcf7-text\" type=\"text\" name=\"da-honigimkopf-429\" value=\"\" size=\"40\" tabindex=\"-1\" autocomplete=\"new-password\" \/><\/span><span id=\"wpcf7-69e8b5b86849b-wrapper\" class=\"wpcf7-form-control-wrap jarra-de-miel-237-wrap\" style=\"display:none !important; visibility:hidden !important;\"><input type=\"hidden\" name=\"jarra-de-miel-237-time-start\" value=\"1776858552\"><input type=\"hidden\" name=\"jarra-de-miel-237-time-check\" value=\"10\"><input id=\"wpcf7-69e8b5b86849b-field\"  class=\"wpcf7-form-control wpcf7-text\" type=\"text\" name=\"jarra-de-miel-237\" value=\"\" size=\"40\" tabindex=\"-1\" autocomplete=\"new-password\" \/><\/span>\n<\/p>\n<p>Ihr <b>Vorname<\/b>:\n<\/p>\n<p><span class=\"wpcf7-form-control-wrap\" data-name=\"your-name\"><input size=\"40\" maxlength=\"400\" class=\"wpcf7-form-control wpcf7-text wpcf7-validates-as-required\" aria-required=\"true\" aria-invalid=\"false\" value=\"\" type=\"text\" name=\"your-name\" \/><\/span>\n<\/p>\n<p>Ihre <b>E-Mail<\/b>:\n<\/p>\n<p><span class=\"wpcf7-form-control-wrap\" data-name=\"your-email\"><input size=\"40\" maxlength=\"400\" class=\"wpcf7-form-control wpcf7-email wpcf7-validates-as-required wpcf7-text wpcf7-validates-as-email\" aria-required=\"true\" aria-invalid=\"false\" value=\"\" type=\"email\" name=\"your-email\" \/><\/span>\n<\/p>\n\n<!-- <p>Betreff<br \/>\n    <span class=\"wpcf7-form-control-wrap\" data-name=\"your-subject\"><input size=\"40\" maxlength=\"400\" class=\"wpcf7-form-control wpcf7-text\" aria-invalid=\"false\" value=\"\" type=\"text\" name=\"your-subject\" \/><\/span> <\/p> -->\n<p>\u00dcber welches Thema w\u00fcrden Sie gerne ein Gratis-Video sehen?<br \/>\nIhre <b>Frage<\/b> oder Info-Wunsch zum <b>Thema Video:<br \/>\n\u00bb\u00bb Pflichtfeld \ud83d\ude42 Bitte hier reinschreiben!<\/b>\n<\/p>\n<p><span class=\"wpcf7-form-control-wrap\" data-name=\"your-message\"><textarea cols=\"40\" rows=\"10\" maxlength=\"2000\" class=\"wpcf7-form-control wpcf7-textarea wpcf7-validates-as-required\" aria-required=\"true\" aria-invalid=\"false\" name=\"your-message\"><\/textarea><\/span>\n<\/p>\n<p>Bitte folgenden Code: <input type=\"hidden\" name=\"_wpcf7_captcha_challenge_captcha-853\" value=\"4062578989\" \/><img loading=\"lazy\" decoding=\"async\" class=\"wpcf7-form-control wpcf7-captchac wpcf7-captcha-captcha-853\" width=\"72\" height=\"24\" alt=\"captcha\" src=\"https:\/\/onlinevideoausbildung.de\/blog\/wp-content\/uploads\/wpcf7_captcha\/4062578989.png\" \/>\n<\/p>\n<p>hier manuell eingeben: <span class=\"wpcf7-form-control-wrap\" data-name=\"captcha-853\"><input size=\"40\" class=\"wpcf7-form-control wpcf7-captchar\" autocomplete=\"off\" aria-invalid=\"false\" value=\"\" type=\"text\" name=\"captcha-853\" \/><\/span>\n<\/p>\n<p><input class=\"wpcf7-form-control wpcf7-submit has-spinner\" type=\"submit\" value=\"Ja, ich m\u00f6chte meinen 150-Seiten-GRATIS-VideoMarketing-Report\" \/>\n<\/p><div class=\"wpcf7-response-output\" aria-hidden=\"true\"><\/div>\n<\/form>\n<\/div>\n<\/div>\n<\/div>\n<div><strong><img loading=\"lazy\" decoding=\"async\" class=\"alignnone size-full wp-image-643\" title=\"Seite-003\" src=\"https:\/\/onlinevideoausbildung.de\/blog\/wp-content\/uploads\/2011\/07\/Seite-003.jpg\" alt=\"\" width=\"632\" height=\"442\" srcset=\"https:\/\/onlinevideoausbildung.de\/blog\/wp-content\/uploads\/2011\/07\/Seite-003.jpg 632w, https:\/\/onlinevideoausbildung.de\/blog\/wp-content\/uploads\/2011\/07\/Seite-003-300x209.jpg 300w\" sizes=\"auto, (max-width: 632px) 100vw, 632px\" \/><\/strong><\/div>\n<h2>Video Marketing Manuskript Screenshots:<\/h2>\n<div><strong><br \/>\n<\/strong><\/div>\n<div><strong><img loading=\"lazy\" decoding=\"async\" class=\"alignnone size-full wp-image-644\" title=\"Seite-027\" src=\"https:\/\/onlinevideoausbildung.de\/blog\/wp-content\/uploads\/2011\/07\/Seite-027.jpg\" alt=\"\" width=\"632\" height=\"380\" srcset=\"https:\/\/onlinevideoausbildung.de\/blog\/wp-content\/uploads\/2011\/07\/Seite-027.jpg 632w, https:\/\/onlinevideoausbildung.de\/blog\/wp-content\/uploads\/2011\/07\/Seite-027-300x180.jpg 300w\" sizes=\"auto, (max-width: 632px) 100vw, 632px\" \/><\/strong><\/div>\n<div><strong><img loading=\"lazy\" decoding=\"async\" class=\"alignnone size-full wp-image-645\" title=\"Seite-011\" src=\"https:\/\/onlinevideoausbildung.de\/blog\/wp-content\/uploads\/2011\/07\/Seite-011.jpg\" alt=\"\" width=\"632\" height=\"382\" srcset=\"https:\/\/onlinevideoausbildung.de\/blog\/wp-content\/uploads\/2011\/07\/Seite-011.jpg 632w, https:\/\/onlinevideoausbildung.de\/blog\/wp-content\/uploads\/2011\/07\/Seite-011-300x181.jpg 300w\" sizes=\"auto, (max-width: 632px) 100vw, 632px\" \/><\/strong><\/div>\n<div><strong><img loading=\"lazy\" decoding=\"async\" class=\"alignnone size-full wp-image-646\" title=\"Seite-047\" src=\"https:\/\/onlinevideoausbildung.de\/blog\/wp-content\/uploads\/2011\/07\/Seite-047.jpg\" alt=\"\" width=\"632\" height=\"371\" srcset=\"https:\/\/onlinevideoausbildung.de\/blog\/wp-content\/uploads\/2011\/07\/Seite-047.jpg 632w, https:\/\/onlinevideoausbildung.de\/blog\/wp-content\/uploads\/2011\/07\/Seite-047-300x176.jpg 300w\" sizes=\"auto, (max-width: 632px) 100vw, 632px\" \/><\/strong><\/div>\n<div><strong><img loading=\"lazy\" decoding=\"async\" class=\"alignnone size-full wp-image-647\" title=\"Seite-086\" src=\"https:\/\/onlinevideoausbildung.de\/blog\/wp-content\/uploads\/2011\/07\/Seite-086.jpg\" alt=\"\" width=\"632\" height=\"342\" srcset=\"https:\/\/onlinevideoausbildung.de\/blog\/wp-content\/uploads\/2011\/07\/Seite-086.jpg 632w, https:\/\/onlinevideoausbildung.de\/blog\/wp-content\/uploads\/2011\/07\/Seite-086-300x162.jpg 300w\" sizes=\"auto, (max-width: 632px) 100vw, 632px\" \/><\/strong><\/div>\n<div><strong><img loading=\"lazy\" decoding=\"async\" class=\"alignnone size-full wp-image-648\" title=\"Seite-107\" src=\"https:\/\/onlinevideoausbildung.de\/blog\/wp-content\/uploads\/2011\/07\/Seite-107.jpg\" alt=\"\" width=\"632\" height=\"332\" srcset=\"https:\/\/onlinevideoausbildung.de\/blog\/wp-content\/uploads\/2011\/07\/Seite-107.jpg 632w, https:\/\/onlinevideoausbildung.de\/blog\/wp-content\/uploads\/2011\/07\/Seite-107-300x157.jpg 300w\" sizes=\"auto, (max-width: 632px) 100vw, 632px\" \/><\/strong><\/div>\n<h3><strong>VideoMarketing Manuskript 2.0 bestellen<br \/>\n&#8211; dann auch gut leserlich \ud83d\ude09<br \/>\n<\/strong><\/h3>\n<div style=\"background-color: #9eb8c4; color: #27606d; padding: 6px 0 0 10px;\">\n<div class=\"wpcf7 no-js\" id=\"wpcf7-f1063-o2\" lang=\"en-US\" dir=\"ltr\" data-wpcf7-id=\"1063\">\n<div class=\"screen-reader-response\"><p role=\"status\" aria-live=\"polite\" aria-atomic=\"true\"><\/p> <ul><\/ul><\/div>\n<form action=\"\/blog\/wp-json\/wp\/v2\/pages\/633#wpcf7-f1063-o2\" method=\"post\" class=\"wpcf7-form init\" aria-label=\"Contact form\" novalidate=\"novalidate\" data-status=\"init\">\n<fieldset class=\"hidden-fields-container\"><input type=\"hidden\" name=\"_wpcf7\" value=\"1063\" \/><input type=\"hidden\" name=\"_wpcf7_version\" value=\"6.1.5\" \/><input type=\"hidden\" name=\"_wpcf7_locale\" value=\"en_US\" \/><input type=\"hidden\" name=\"_wpcf7_unit_tag\" value=\"wpcf7-f1063-o2\" \/><input type=\"hidden\" name=\"_wpcf7_container_post\" value=\"0\" \/><input type=\"hidden\" name=\"_wpcf7_posted_data_hash\" value=\"\" \/>\n<\/fieldset>\n<p><span id=\"wpcf7-69e8b5b86b50a-wrapper\" class=\"wpcf7-form-control-wrap da-honigimkopf-429-wrap\" style=\"display:none !important; visibility:hidden !important;\"><input type=\"hidden\" name=\"da-honigimkopf-429-time-start\" value=\"1776858552\"><input type=\"hidden\" name=\"da-honigimkopf-429-time-check\" value=\"10\"><input id=\"wpcf7-69e8b5b86b50a-field\"  class=\"wpcf7-form-control wpcf7-text\" type=\"text\" name=\"da-honigimkopf-429\" value=\"\" size=\"40\" tabindex=\"-1\" autocomplete=\"new-password\" \/><\/span><span id=\"wpcf7-69e8b5b86b57a-wrapper\" class=\"wpcf7-form-control-wrap jarra-de-miel-237-wrap\" style=\"display:none !important; visibility:hidden !important;\"><input type=\"hidden\" name=\"jarra-de-miel-237-time-start\" value=\"1776858552\"><input type=\"hidden\" name=\"jarra-de-miel-237-time-check\" value=\"10\"><input id=\"wpcf7-69e8b5b86b57a-field\"  class=\"wpcf7-form-control wpcf7-text\" type=\"text\" name=\"jarra-de-miel-237\" value=\"\" size=\"40\" tabindex=\"-1\" autocomplete=\"new-password\" \/><\/span>\n<\/p>\n<p>Ihr <b>Vorname<\/b>:\n<\/p>\n<p><span class=\"wpcf7-form-control-wrap\" data-name=\"your-name\"><input size=\"40\" maxlength=\"400\" class=\"wpcf7-form-control wpcf7-text wpcf7-validates-as-required\" aria-required=\"true\" aria-invalid=\"false\" value=\"\" type=\"text\" name=\"your-name\" \/><\/span>\n<\/p>\n<p>Ihre <b>E-Mail<\/b>:\n<\/p>\n<p><span class=\"wpcf7-form-control-wrap\" data-name=\"your-email\"><input size=\"40\" maxlength=\"400\" class=\"wpcf7-form-control wpcf7-email wpcf7-validates-as-required wpcf7-text wpcf7-validates-as-email\" aria-required=\"true\" aria-invalid=\"false\" value=\"\" type=\"email\" name=\"your-email\" \/><\/span>\n<\/p>\n\n<!-- <p>Betreff<br \/>\n    <span class=\"wpcf7-form-control-wrap\" data-name=\"your-subject\"><input size=\"40\" maxlength=\"400\" class=\"wpcf7-form-control wpcf7-text\" aria-invalid=\"false\" value=\"\" type=\"text\" name=\"your-subject\" \/><\/span> <\/p> -->\n<p>\u00dcber welches Thema w\u00fcrden Sie gerne ein Gratis-Video sehen?<br \/>\nIhre <b>Frage<\/b> oder Info-Wunsch zum <b>Thema Video:<br \/>\n\u00bb\u00bb Pflichtfeld \ud83d\ude42 Bitte hier reinschreiben!<\/b>\n<\/p>\n<p><span class=\"wpcf7-form-control-wrap\" data-name=\"your-message\"><textarea cols=\"40\" rows=\"10\" maxlength=\"2000\" class=\"wpcf7-form-control wpcf7-textarea wpcf7-validates-as-required\" aria-required=\"true\" aria-invalid=\"false\" name=\"your-message\"><\/textarea><\/span>\n<\/p>\n<p>Bitte folgenden Code: <input type=\"hidden\" name=\"_wpcf7_captcha_challenge_captcha-853\" value=\"496708241\" \/><img loading=\"lazy\" decoding=\"async\" class=\"wpcf7-form-control wpcf7-captchac wpcf7-captcha-captcha-853\" width=\"72\" height=\"24\" alt=\"captcha\" src=\"https:\/\/onlinevideoausbildung.de\/blog\/wp-content\/uploads\/wpcf7_captcha\/496708241.png\" \/>\n<\/p>\n<p>hier manuell eingeben: <span class=\"wpcf7-form-control-wrap\" data-name=\"captcha-853\"><input size=\"40\" class=\"wpcf7-form-control wpcf7-captchar\" autocomplete=\"off\" aria-invalid=\"false\" value=\"\" type=\"text\" name=\"captcha-853\" \/><\/span>\n<\/p>\n<p><input class=\"wpcf7-form-control wpcf7-submit has-spinner\" type=\"submit\" value=\"Ja, ich m\u00f6chte meinen 150-Seiten-GRATIS-VideoMarketing-Report\" \/>\n<\/p><div class=\"wpcf7-response-output\" aria-hidden=\"true\"><\/div>\n<\/form>\n<\/div>\n<\/div>\n<p>Ich habe bereits <strong>\u00fcber 5300 E-Mail Anfragen<\/strong> beantworten d\u00fcrfen und aus vielen Fragen wurde eine interessante und <strong>bleibende Freundschaft<\/strong>. Danke auch f\u00fcr die vielen <strong>positiven Feedbacks<\/strong> zum E-Book. Ich habe jetzt auch das Kommentarfeld hier freigeschaltet f\u00fcr die Leute die das <strong>Manuskript bereits gelesen haben<\/strong>! Alle Anderen oben im <strong>Blauen Formular<\/strong> schreiben \ud83d\ude42<\/p>\n","protected":false},"excerpt":{"rendered":"<p>150 Seiten Power-E-Book f\u00fcr VideoMarketing Bis Sommer 2015 (verl\u00e4ngert) gibt es das gro\u00dfe Video-Marketing-Manuskript 2.0 noch kostenlos per E-Mail, wenn Sie mir Ihre wichtigste Frage zum Thema Video schicken. Ich pers\u00f6nlich antworte auf Ihre Frage, live und in echt! Sp\u00e4testens in 24 &#8211; 48 Stunden haben Sie eine pers\u00f6nliche E-Mail von mir: Video Marketing Manuskript [&hellip;]<\/p>\n","protected":false},"author":3,"featured_media":0,"parent":0,"menu_order":3,"comment_status":"open","ping_status":"open","template":"","meta":{"site-sidebar-layout":"default","site-content-layout":"default","ast-site-content-layout":"default","site-content-style":"default","site-sidebar-style":"default","ast-global-header-display":"","ast-banner-title-visibility":"","ast-main-header-display":"","ast-hfb-above-header-display":"","ast-hfb-below-header-display":"","ast-hfb-mobile-header-display":"","site-post-title":"","ast-breadcrumbs-content":"","ast-featured-img":"","footer-sml-layout":"","ast-disable-related-posts":"","theme-transparent-header-meta":"default","adv-header-id-meta":"","stick-header-meta":"","header-above-stick-meta":"","header-main-stick-meta":"","header-below-stick-meta":"","astra-migrate-meta-layouts":"default","ast-page-background-enabled":"default","ast-page-background-meta":{"desktop":{"background-color":"","background-image":"","background-repeat":"repeat","background-position":"center center","background-size":"auto","background-attachment":"scroll","background-type":"","background-media":"","overlay-type":"","overlay-color":"","overlay-opacity":"","overlay-gradient":""},"tablet":{"background-color":"","background-image":"","background-repeat":"repeat","background-position":"center center","background-size":"auto","background-attachment":"scroll","background-type":"","background-media":"","overlay-type":"","overlay-color":"","overlay-opacity":"","overlay-gradient":""},"mobile":{"background-color":"","background-image":"","background-repeat":"repeat","background-position":"center center","background-size":"auto","background-attachment":"scroll","background-type":"","background-media":"","overlay-type":"","overlay-color":"","overlay-opacity":"","overlay-gradient":""}},"ast-content-background-meta":{"desktop":{"background-color":"var(--ast-global-color-5)","background-image":"","background-repeat":"repeat","background-position":"center center","background-size":"auto","background-attachment":"scroll","background-type":"","background-media":"","overlay-type":"","overlay-color":"","overlay-opacity":"","overlay-gradient":""},"tablet":{"background-color":"var(--ast-global-color-5)","background-image":"","background-repeat":"repeat","background-position":"center center","background-size":"auto","background-attachment":"scroll","background-type":"","background-media":"","overlay-type":"","overlay-color":"","overlay-opacity":"","overlay-gradient":""},"mobile":{"background-color":"var(--ast-global-color-5)","background-image":"","background-repeat":"repeat","background-position":"center center","background-size":"auto","background-attachment":"scroll","background-type":"","background-media":"","overlay-type":"","overlay-color":"","overlay-opacity":"","overlay-gradient":""}},"footnotes":""},"class_list":["post-633","page","type-page","status-publish","hentry"],"_links":{"self":[{"href":"https:\/\/onlinevideoausbildung.de\/blog\/wp-json\/wp\/v2\/pages\/633","targetHints":{"allow":["GET"]}}],"collection":[{"href":"https:\/\/onlinevideoausbildung.de\/blog\/wp-json\/wp\/v2\/pages"}],"about":[{"href":"https:\/\/onlinevideoausbildung.de\/blog\/wp-json\/wp\/v2\/types\/page"}],"author":[{"embeddable":true,"href":"https:\/\/onlinevideoausbildung.de\/blog\/wp-json\/wp\/v2\/users\/3"}],"replies":[{"embeddable":true,"href":"https:\/\/onlinevideoausbildung.de\/blog\/wp-json\/wp\/v2\/comments?post=633"}],"version-history":[{"count":24,"href":"https:\/\/onlinevideoausbildung.de\/blog\/wp-json\/wp\/v2\/pages\/633\/revisions"}],"predecessor-version":[{"id":1597,"href":"https:\/\/onlinevideoausbildung.de\/blog\/wp-json\/wp\/v2\/pages\/633\/revisions\/1597"}],"wp:attachment":[{"href":"https:\/\/onlinevideoausbildung.de\/blog\/wp-json\/wp\/v2\/media?parent=633"}],"curies":[{"name":"wp","href":"https:\/\/api.w.org\/{rel}","templated":true}]}}