{"id":283,"date":"2010-12-30T01:52:37","date_gmt":"2010-12-30T00:52:37","guid":{"rendered":"https:\/\/onlinevideoausbildung.de\/blog\/?page_id=283"},"modified":"2014-01-24T16:08:14","modified_gmt":"2014-01-24T15:08:14","slug":"videokurs-text-animationen","status":"publish","type":"page","link":"https:\/\/onlinevideoausbildung.de\/blog\/videokurs-text-animationen\/","title":{"rendered":"VideoKurs: Text-Animationen"},"content":{"rendered":"<h3>Unser Modell-Video zum Nachbauen:<\/h3>\n<p><div id=\"evp-d36cb6cd056e477ab05c1cb5e24de0a9-wrap\" class=\"evp-video-wrap\"><\/div><script type=\"text\/javascript\" src=\"http:\/\/onlinevideoausbildung.de\/video-marketing\/framework.php?div_id=evp-d36cb6cd056e477ab05c1cb5e24de0a9&id=VmlkZW9NYXJrZXRpbmctRXJmb2xnc2Zvcm1lbC1UZWFzZXIubXA0&v=1293747928&profile=default\"><\/script><script type=\"text\/javascript\"><!--\n_evpInit('VmlkZW9NYXJrZXRpbmctRXJmb2xnc2Zvcm1lbC1UZWFzZXIubXA0');\/\/--><\/script><\/p>\n<h4>Gut gell&#8230;?<\/h4>\n<h3>Klick f\u00fcr Klick zum eigenen effektiven Text-Video<\/h3>\n<p>Nicht das jetzt Verwirrung aufkommt: In <strong>diesem Modul<\/strong> befassen wir uns mit der<strong> Erstellung<\/strong> dieses <strong>Werbe-Clips<\/strong>, <strong>Trailers<\/strong> oder auch<strong> <\/strong>als <strong>Teaser<\/strong> bezeichnete Videoform.<\/p>\n<p>Die <strong>Video-Marketing Erfolgsformel<\/strong>, mit ihren <strong>9 Struktur-Punkten<\/strong> kommt dann sp\u00e4ter, wenn wir mit der Technik, dem Anlegen von Text-Videos gut vertraut sind.<\/p>\n<h3>Kino, TV und Web<\/h3>\n<p>Man benutzt so ein Video wie oben, um eine weitere Aktion einzuleiten. Im Kino ist ein <strong>Trailer<\/strong> dazu da, dass man neugierig wird und sich den kommenden Film sp\u00e4ter auch sicher ansehen will. Im Fernsehen dient der <strong>Teaser<\/strong> dazu, dass man einen Einblick, Zusammenfassung oder Vorschau zu einem bestimmten Programmteil bekommt.<\/p>\n<p>Im <strong>Internet<\/strong> dient es z.B. um einen <strong>Kontakt<\/strong> herzustellen, ein <strong>Opt-in E-Mail-Formular<\/strong> auszuf\u00fcllen, oder einfach einen <strong>Download<\/strong> anzuregen. Sp\u00e4ter auch f\u00fcr sogenannte <strong>Launch-Videos<\/strong>, wenn Sie dann Ihre <strong>eigenen Produkte<\/strong> vermarkten werden.<\/p>\n<p>Wie versprochen, lernen Sie also hier eine Technik, mit der Sie mit einem <strong>kostenlosen Programm<\/strong>, n\u00e4mlich <strong>Windows Live Movie Maker<\/strong>, <span style=\"text-decoration: underline;\">sofort anfangen k\u00f6nnen, Ihre <strong>eigenen Video-Trailer<\/strong> zu produzieren, ohne Ihre Stimme oder Ihre eigene Person vor die Kamera bem\u00fchen zu m\u00fcssen&#8230;<\/span><\/p>\n<h3>Betriebssystem<\/h3>\n<p>Die <strong>Gratis-Software<\/strong> arbeitet in jedem Betriebssystem anders. In <strong>Windows-XP<\/strong> hatte man eine sch\u00f6ne Timeline, also Zeitspuren im Programm. Bei <strong>Vista<\/strong> hat man diese anfangs noch drinnen gelassen, sp\u00e4ter begann man auch dort umzustellen auf den, nun f\u00fcr Windows 7 entwickelten Windows <strong>Live<\/strong> Movie Maker (mit Storyboard-Modus).<\/p>\n<p>Zwar gibt es nun <strong>aufw\u00e4ndigere Effekte<\/strong>, aber etliche gute Sachen sind leider weggefallen. So ist das halt bei Microsoft&#8230;<\/p>\n<p>F\u00fcr <strong>Mac<\/strong>-User kommen auch noch super <strong>coole Kursteile<\/strong>, und zwar f\u00fcr das gute und kostenlose<strong> iMovie, <\/strong>welches beim Neukauf mitgeliefert wird<strong> ( iLife-Paket). <\/strong>Da ist echt was los bei<strong> iMovie&#8230;<br \/>\n<\/strong><\/p>\n<p>Aber auch <strong>XP- und Vista- <\/strong>Nutzer bekommen noch <strong>Spezial-Videos<\/strong> nachgeliefert.<\/p>\n<h4>Das Grundprinzip zur Erstellung von Text-Videos ist aber immer gleich<\/h4>\n<p>Sehen Sie sich also <strong>alle TrainingsVideos<\/strong> an, auch wenn Sie ein anderes System haben. Die Schritte sind \u00e4hnlich. Ganz unten finden Sie <strong>Downloadlinks<\/strong> zum Programm und zu <strong>\u00dcbungsdateien<\/strong>.<\/p>\n<p>Bitte Kurs mit dem <strong>Firefox oder dem Google Chrome Browser<\/strong> ansehen.<br \/>\nDer Internet Explorer zickt manchmal bei dem Easy Video Player.<br \/>\nJedenfalls muss man im IE immer die Seite refreshen oder<br \/>\naktualisieren\/neu laden (auch mittels <strong>F5 Taste<\/strong>), damit die Lightbox<br \/>\ndas n\u00e4chste gro\u00dfe Video abspielt.<\/p>\n<p><strong>Also einfach lieber im Firefox oder Chrome angucken.<\/strong><\/p>\n<hr \/>\n<h3>01 &#8211; Programm-Oberfl\u00e4che erkunden &#8211; (Spiell\u00e4nge 05:43)<\/h3>\n<p><div id=\"evp-28cd8599190206e8417dce4e21c29b72-lightbox\" class=\"evp-lightbox\"><img decoding=\"async\" src=\"http:\/\/onlinevideoausbildung.de\/video-marketing\/assets\/tmp\/videomarketing-erfolgsformel-trailer-makingoff-01-2XNFF.gif\" alt=\"\" \/><\/div><script type=\"text\/javascript\" src=\"http:\/\/onlinevideoausbildung.de\/video-marketing\/framework.php?div_id=evp-28cd8599190206e8417dce4e21c29b72&id=dmlkZW8tbWFya2V0aW5nLWVyZm9sZ3Nmb3JtZWwvMDEtdm1lZi5tcDQ%3D&v=1293948065&profile=default\"><\/script><script type=\"text\/javascript\"><!--\n_evpLightbox('dmlkZW8tbWFya2V0aW5nLWVyZm9sZ3Nmb3JtZWwvMDEtdm1lZi5tcDQ=', 'evp-28cd8599190206e8417dce4e21c29b72');\/\/--><\/script><\/p>\n<hr \/>\n<h3>02 &#8211; Ersten Text-Titel erstellen &#8211; (Spiell\u00e4nge 07:03)<\/h3>\n<p><div id=\"evp-cf510276b496f40b8bea1295455c72fc-lightbox\" class=\"evp-lightbox\"><img decoding=\"async\" src=\"http:\/\/onlinevideoausbildung.de\/video-marketing\/assets\/tmp\/videomarketing-erfolgsformel-trailer-makingoff-02-PEYK6.gif\" alt=\"\" \/><\/div><script type=\"text\/javascript\" src=\"http:\/\/onlinevideoausbildung.de\/video-marketing\/framework.php?div_id=evp-cf510276b496f40b8bea1295455c72fc&id=dmlkZW8tbWFya2V0aW5nLWVyZm9sZ3Nmb3JtZWwvMDItdm1lZi5tcDQ%3D&v=1293948751&profile=default\"><\/script><script type=\"text\/javascript\"><!--\n_evpLightbox('dmlkZW8tbWFya2V0aW5nLWVyZm9sZ3Nmb3JtZWwvMDItdm1lZi5tcDQ=', 'evp-cf510276b496f40b8bea1295455c72fc');\/\/--><\/script><\/p>\n<hr \/>\n<h3>03 &#8211; Einblendungen und Effekte &#8211; (Spiell\u00e4nge 05:12)<\/h3>\n<p><div id=\"evp-1cee3ae750aa54cd8a084e2109f57da6-lightbox\" class=\"evp-lightbox\"><img decoding=\"async\" src=\"http:\/\/onlinevideoausbildung.de\/video-marketing\/assets\/tmp\/videomarketing-erfolgsformel-trailer-makingoff-03-4GYED.gif\" alt=\"\" \/><\/div><script type=\"text\/javascript\" src=\"http:\/\/onlinevideoausbildung.de\/video-marketing\/framework.php?div_id=evp-1cee3ae750aa54cd8a084e2109f57da6&id=dmlkZW8tbWFya2V0aW5nLWVyZm9sZ3Nmb3JtZWwvMDMtdm1lZi5tcDQ%3D&v=1293950085&profile=default\"><\/script><script type=\"text\/javascript\"><!--\n_evpLightbox('dmlkZW8tbWFya2V0aW5nLWVyZm9sZ3Nmb3JtZWwvMDMtdm1lZi5tcDQ=', 'evp-1cee3ae750aa54cd8a084e2109f57da6');\/\/--><\/script><\/p>\n<hr \/>\n<h3>04 &#8211; Alle Text-Clips vorbereiten &#8211; (Spiell\u00e4nge 08:45)<\/h3>\n<p><div id=\"evp-89d4026b1b9b0c58b84b8f330b0271b1-lightbox\" class=\"evp-lightbox\"><img decoding=\"async\" src=\"http:\/\/onlinevideoausbildung.de\/video-marketing\/assets\/tmp\/videomarketing-erfolgsformel-trailer-makingoff-04-RY0GX.gif\" alt=\"\" \/><\/div><script type=\"text\/javascript\" src=\"http:\/\/onlinevideoausbildung.de\/video-marketing\/framework.php?div_id=evp-89d4026b1b9b0c58b84b8f330b0271b1&id=dmlkZW8tbWFya2V0aW5nLWVyZm9sZ3Nmb3JtZWwvMDQtdm1lZi5tcDQ%3D&v=1293950863&profile=default\"><\/script><script type=\"text\/javascript\"><!--\n_evpLightbox('dmlkZW8tbWFya2V0aW5nLWVyZm9sZ3Nmb3JtZWwvMDQtdm1lZi5tcDQ=', 'evp-89d4026b1b9b0c58b84b8f330b0271b1');\/\/--><\/script><\/p>\n<hr \/>\n<h3>05 &#8211; Alle Texte einf\u00fcgen (Spiell\u00e4nge 05:11)<\/h3>\n<p><div id=\"evp-00fe24a81a5e7d047191e0ddc0823810-lightbox\" class=\"evp-lightbox\"><img decoding=\"async\" src=\"http:\/\/onlinevideoausbildung.de\/video-marketing\/assets\/tmp\/videomarketing-erfolgsformel-trailer-makingoff-05-ZUXM2.gif\" alt=\"\" \/><\/div><script type=\"text\/javascript\" src=\"http:\/\/onlinevideoausbildung.de\/video-marketing\/framework.php?div_id=evp-00fe24a81a5e7d047191e0ddc0823810&id=dmlkZW8tbWFya2V0aW5nLWVyZm9sZ3Nmb3JtZWwvMDUtdm1lZi5tcDQ%3D&v=1293971099&profile=default\"><\/script><script type=\"text\/javascript\"><!--\n_evpLightbox('dmlkZW8tbWFya2V0aW5nLWVyZm9sZ3Nmb3JtZWwvMDUtdm1lZi5tcDQ=', 'evp-00fe24a81a5e7d047191e0ddc0823810');\/\/--><\/script><\/p>\n<hr \/>\n<h3>06 &#8211; Erste Animationen anwenden &#8211; (Spiell\u00e4nge 09:54)<\/h3>\n<p><div id=\"evp-611f622fb993b194582bc87f4d032272-lightbox\" class=\"evp-lightbox\"><img decoding=\"async\" src=\"http:\/\/onlinevideoausbildung.de\/video-marketing\/assets\/tmp\/videomarketing-erfolgsformel-trailer-makingoff-06-VL8B8.gif\" alt=\"\" \/><\/div><script type=\"text\/javascript\" src=\"http:\/\/onlinevideoausbildung.de\/video-marketing\/framework.php?div_id=evp-611f622fb993b194582bc87f4d032272&id=dmlkZW8tbWFya2V0aW5nLWVyZm9sZ3Nmb3JtZWwvMDYtdm1lZi5tcDQ%3D&v=1293972853&profile=default\"><\/script><script type=\"text\/javascript\"><!--\n_evpLightbox('dmlkZW8tbWFya2V0aW5nLWVyZm9sZ3Nmb3JtZWwvMDYtdm1lZi5tcDQ=', 'evp-611f622fb993b194582bc87f4d032272');\/\/--><\/script><\/p>\n<hr \/>\n<h3>07 &#8211; Weitere l\u00e4ssige Animationen &#8211; (Spiell\u00e4nge 09:27)<\/h3>\n<p><div id=\"evp-d8f2edc2b4276a691adb0f549915942c-lightbox\" class=\"evp-lightbox\"><img decoding=\"async\" src=\"http:\/\/onlinevideoausbildung.de\/video-marketing\/assets\/tmp\/videomarketing-erfolgsformel-trailer-makingoff-07-VXBCK.gif\" alt=\"\" \/><\/div><script type=\"text\/javascript\" src=\"http:\/\/onlinevideoausbildung.de\/video-marketing\/framework.php?div_id=evp-d8f2edc2b4276a691adb0f549915942c&id=dmlkZW8tbWFya2V0aW5nLWVyZm9sZ3Nmb3JtZWwvMDctdm1lZi5tcDQ%3D&v=1293974128&profile=default\"><\/script><script type=\"text\/javascript\"><!--\n_evpLightbox('dmlkZW8tbWFya2V0aW5nLWVyZm9sZ3Nmb3JtZWwvMDctdm1lZi5tcDQ=', 'evp-d8f2edc2b4276a691adb0f549915942c');\/\/--><\/script><\/p>\n<hr \/>\n<h3>08 &#8211; Noch mehr coole Effekte &#8211; (Spiell\u00e4nge 10:13)<\/h3>\n<p><div id=\"evp-4e2f957b3b25b8144563f307dd36282e-lightbox\" class=\"evp-lightbox\"><img decoding=\"async\" src=\"http:\/\/onlinevideoausbildung.de\/video-marketing\/assets\/tmp\/videomarketing-erfolgsformel-trailer-makingoff-08-BJZZ1.gif\" alt=\"\" \/><\/div><script type=\"text\/javascript\" src=\"http:\/\/onlinevideoausbildung.de\/video-marketing\/framework.php?div_id=evp-4e2f957b3b25b8144563f307dd36282e&id=dmlkZW8tbWFya2V0aW5nLWVyZm9sZ3Nmb3JtZWwvMDgtdm1lZi5tcDQ%3D&v=1293976358&profile=default\"><\/script><script type=\"text\/javascript\"><!--\n_evpLightbox('dmlkZW8tbWFya2V0aW5nLWVyZm9sZ3Nmb3JtZWwvMDgtdm1lZi5tcDQ=', 'evp-4e2f957b3b25b8144563f307dd36282e');\/\/--><\/script><\/p>\n<hr \/>\n<h3>09 &#8211; Zwei zus\u00e4tzliche Aufpepper &#8211; (Spiell\u00e4nge 04:35)<\/h3>\n<p><div id=\"evp-5fff7c072dfc2abfeb3bb3407c1cf11a-lightbox\" class=\"evp-lightbox\"><img decoding=\"async\" src=\"http:\/\/onlinevideoausbildung.de\/video-marketing\/assets\/tmp\/videomarketing-erfolgsformel-trailer-makingoff-09-WH74A.gif\" alt=\"\" \/><\/div><script type=\"text\/javascript\" src=\"http:\/\/onlinevideoausbildung.de\/video-marketing\/framework.php?div_id=evp-5fff7c072dfc2abfeb3bb3407c1cf11a&id=dmlkZW8tbWFya2V0aW5nLWVyZm9sZ3Nmb3JtZWwvMDktdm1lZi5tcDQ%3D&v=1293976950&profile=default\"><\/script><script type=\"text\/javascript\"><!--\n_evpLightbox('dmlkZW8tbWFya2V0aW5nLWVyZm9sZ3Nmb3JtZWwvMDktdm1lZi5tcDQ=', 'evp-5fff7c072dfc2abfeb3bb3407c1cf11a');\/\/--><\/script><\/p>\n<hr \/>\n<h3>10 &#8211; Musik hinzuf\u00fcgen &amp; bearbeiten &#8211; (Spiell\u00e4nge 07:57)<\/h3>\n<p><div id=\"evp-06eafbd551e5816563cbf806ebb746aa-lightbox\" class=\"evp-lightbox\"><img decoding=\"async\" src=\"http:\/\/onlinevideoausbildung.de\/video-marketing\/assets\/tmp\/videomarketing-erfolgsformel-trailer-makingoff-10-WPZEY.gif\" alt=\"\" \/><\/div><script type=\"text\/javascript\" src=\"http:\/\/onlinevideoausbildung.de\/video-marketing\/framework.php?div_id=evp-06eafbd551e5816563cbf806ebb746aa&id=dmlkZW8tbWFya2V0aW5nLWVyZm9sZ3Nmb3JtZWwvMTAtdm1lZi5tcDQ%3D&v=1293977403&profile=default\"><\/script><script type=\"text\/javascript\"><!--\n_evpLightbox('dmlkZW8tbWFya2V0aW5nLWVyZm9sZ3Nmb3JtZWwvMTAtdm1lZi5tcDQ=', 'evp-06eafbd551e5816563cbf806ebb746aa');\/\/--><\/script><\/p>\n<hr \/>\n<h3>Aufgaben:<\/h3>\n<ul>\n<li>\u00d6ffnen Sie <strong>Windows Live Movie Maker<\/strong>.<\/li>\n<li>Falls noch nicht installiert, hier der Download f\u00fcr <strong>Windows 7<\/strong>:<a href=\"http:\/\/www.microsoft.com\/downloads\/details.aspx?displaylang=de&amp;FamilyID=741ce3ed-baa2-4610-9f7d-42ab694e2b15\" target=\"_blank\"><br \/>\nBei Microsoft<\/a><br \/>\n<a href=\"http:\/\/www.windowslive.de\/movie-maker\/\" target=\"_blank\">Bei WindowsLive<\/a><\/li>\n<li>Windows <strong>Vista<\/strong> und Windows <strong>XP<\/strong> haben den \u00e4lteren Movie Maker schon <strong>vorinstalliert<\/strong>:Suchen Sie unter <em>Start, Alle Programme, Windows Movie Maker<\/em>.<br \/>\nManchmal war\/ist es auch unter <em>Zubeh\u00f6r<\/em>.<br \/>\nDie Bedienung ist etwas anders dort.<br \/>\nDazu kommen auch <strong>ab n\u00e4chster Woche TrainingsVideos<\/strong>.<\/li>\n<li>Es gibt auch eine alte Movie Maker Version (2.6) f\u00fcr Vista und Windows 7. Lohnt sich auch mal zum rumspielen. Z.B gab&#8217;s den <strong>Schreibmaschinen-Effekt<\/strong> nur in den fr\u00fcheren Versionen&#8230;<br \/>\nDownload: <a href=\"http:\/\/www.microsoft.com\/downloads\/details.aspx?FamilyID=d6ba5972-328e-4df7-8f9d-068fc0f80cfc&amp;displayLang=de\" target=\"_blank\">XP-Movie Maker (2.6)<\/a> MM26_GER.msi (German)<\/li>\n<li><a href=\"http:\/\/de.wikipedia.org\/wiki\/Windows_Live_Movie_Maker\" target=\"_blank\">Wikipedia<\/a> \u00fcber verschiedene MovieMaker Versionen.<\/li>\n<li>Mac OS X arbeitet mit iMovie (im iLive Paket), wenn es um kostenlose Video-Software geht. Hervorragendes Programm. Auch dazu kommen EXTRA TrainingsVideos!!!<\/li>\n<li>Laden Sie den <strong>Text f\u00fcr unser Beispiel-Video<\/strong> runter:<br \/>\nDownload: <a href=\"http:\/\/\/OnlineVideoAusbildung.de\/blog\/wp-content\/uploads\/zip\/text.rar\"><strong>Text f\u00fcr VideoMarketing Erfolgsformel Trailer<\/strong><\/a><\/li>\n<li>Sehen Sie jeweils <strong>ein Trainingsvideo<\/strong> von Anfang bis Ende durch.<br \/>\nDann \u00f6ffnen Sie Ihren Windows Live Movie Maker und <strong>bauen das Gelernte nach<\/strong>.<\/li>\n<li>Erst dann gehen Sie zum n\u00e4chsten Video.<br \/>\nSo haben Sie schnell <strong>ErfolgsErlebnisse \ud83d\ude42<\/strong><\/li>\n<li>Gegen Ende laden Sie das <strong>Musikst\u00fcck<\/strong> runter. Achtung <strong>Urheber-\/Nutzungsrechte<\/strong>:<br \/>\nDieses St\u00fcck d\u00fcrfen Sie verwenden, sogar f\u00fcr Ihr kommerzielles Werk; aber Sie d\u00fcrfen es nicht weitergeben oder verkaufen.<br \/>\nDownload: <strong><a href=\"http:\/\/\/OnlineVideoAusbildung.de\/blog\/wp-content\/uploads\/zip\/race.rar\" target=\"_blank\">Musik-Track 01<\/a><\/strong><\/li>\n<li>Bauen Sie das Musikst\u00fcck ein.<\/li>\n<li><strong>Machen Sie nun Ihr eigenes Video!!!!<\/strong><\/li>\n<li>Fangen Sie mit dem Texten auf einem <strong>Blatt Papier<\/strong> an.<\/li>\n<li>Schreiben Sie dann Ihre einzelnen &#8222;Folien&#8220;-Texte in einen <strong>Editor<\/strong>, damit Sie den nachher leicht <strong>einkopieren<\/strong> k\u00f6nnen in Windows Live Movie Maker<\/li>\n<li>Gehen Sie nun wieder so vor, wie in den <strong>TrainingsVideos<\/strong> beschrieben.<\/li>\n<li>Falls Sie schon <strong>YouTube<\/strong> bedienen k\u00f6nnen:<br \/>\nLaden Sie doch bitte Ihre Werke hoch auf Ihren YouTube-Kanal.<br \/>\nStellen Sie ins <strong>Kommentarfeld Ihren Link<\/strong> ein,<br \/>\nteilen Sie Ihre ersten Ergebnisse mit uns&#8230;<\/li>\n<li>Wenn Sie noch nicht mit YouTube vertraut sind: <strong>Genau das lernen Sie<\/strong> auch in weiteren Video-Lektionen.<\/li>\n<li><strong>Fangen Sie bitte jetzt an! <\/strong>Wir freuen uns auf Kommentare, Fragen und ERGEBNISSE.<\/li>\n<\/ul>\n<p>Viel Freude, Motivation und Erfolg in allen Belangen,<\/p>\n<p>herzlichst<\/p>\n<p>\ud83d\ude42 <strong>ivanGALiLEO<\/strong> \ud83d\ude42<\/p>\n<p>Und wer doch noch ein paar <strong>Tipps<\/strong> f\u00fcr die ersten Schritte <strong>VOR der Kamera<\/strong> braucht:<\/p>\n<p><script type=\"text\/javascript\" src=\"https:\/\/onlinevideoausbildung.de\/video-marketing\/framework.php?div_id=evp-d0c26a6d242eb418ca482f98aa29d21a&amp;id=Um9sZi1CcmV1ZXItRWluYmxpY2tlLTIwMDBLd212LTcwMGsubXA0&amp;v=1302361763&amp;profile=default\"><\/script><script type=\"text\/javascript\">\/\/ <![CDATA[\n_evpInit('Um9sZi1CcmV1ZXItRWluYmxpY2tlLTIwMDBLd212LTcwMGsubXA0');\n\/\/ ]]><\/script><\/p>\n<p>&nbsp;<\/p>\n<p>&nbsp;<\/p>\n<p>&nbsp;<\/p>\n<p>&nbsp;<\/p>\n<p>&nbsp;<\/p>\n<p>&nbsp;<\/p>\n","protected":false},"excerpt":{"rendered":"<p>Unser Modell-Video zum Nachbauen: Gut gell&#8230;? Klick f\u00fcr Klick zum eigenen effektiven Text-Video Nicht das jetzt Verwirrung aufkommt: In diesem Modul befassen wir uns mit der Erstellung dieses Werbe-Clips, Trailers oder auch als Teaser bezeichnete Videoform. Die Video-Marketing Erfolgsformel, mit ihren 9 Struktur-Punkten kommt dann sp\u00e4ter, wenn wir mit der Technik, dem Anlegen von Text-Videos [&hellip;]<\/p>\n","protected":false},"author":3,"featured_media":0,"parent":0,"menu_order":5,"comment_status":"open","ping_status":"open","template":"","meta":{"site-sidebar-layout":"default","site-content-layout":"","ast-site-content-layout":"default","site-content-style":"default","site-sidebar-style":"default","ast-global-header-display":"","ast-banner-title-visibility":"","ast-main-header-display":"","ast-hfb-above-header-display":"","ast-hfb-below-header-display":"","ast-hfb-mobile-header-display":"","site-post-title":"","ast-breadcrumbs-content":"","ast-featured-img":"","footer-sml-layout":"","ast-disable-related-posts":"","theme-transparent-header-meta":"","adv-header-id-meta":"","stick-header-meta":"","header-above-stick-meta":"","header-main-stick-meta":"","header-below-stick-meta":"","astra-migrate-meta-layouts":"default","ast-page-background-enabled":"default","ast-page-background-meta":{"desktop":{"background-color":"","background-image":"","background-repeat":"repeat","background-position":"center center","background-size":"auto","background-attachment":"scroll","background-type":"","background-media":"","overlay-type":"","overlay-color":"","overlay-opacity":"","overlay-gradient":""},"tablet":{"background-color":"","background-image":"","background-repeat":"repeat","background-position":"center center","background-size":"auto","background-attachment":"scroll","background-type":"","background-media":"","overlay-type":"","overlay-color":"","overlay-opacity":"","overlay-gradient":""},"mobile":{"background-color":"","background-image":"","background-repeat":"repeat","background-position":"center center","background-size":"auto","background-attachment":"scroll","background-type":"","background-media":"","overlay-type":"","overlay-color":"","overlay-opacity":"","overlay-gradient":""}},"ast-content-background-meta":{"desktop":{"background-color":"var(--ast-global-color-5)","background-image":"","background-repeat":"repeat","background-position":"center center","background-size":"auto","background-attachment":"scroll","background-type":"","background-media":"","overlay-type":"","overlay-color":"","overlay-opacity":"","overlay-gradient":""},"tablet":{"background-color":"var(--ast-global-color-5)","background-image":"","background-repeat":"repeat","background-position":"center center","background-size":"auto","background-attachment":"scroll","background-type":"","background-media":"","overlay-type":"","overlay-color":"","overlay-opacity":"","overlay-gradient":""},"mobile":{"background-color":"var(--ast-global-color-5)","background-image":"","background-repeat":"repeat","background-position":"center center","background-size":"auto","background-attachment":"scroll","background-type":"","background-media":"","overlay-type":"","overlay-color":"","overlay-opacity":"","overlay-gradient":""}},"footnotes":""},"class_list":["post-283","page","type-page","status-publish","hentry"],"_links":{"self":[{"href":"https:\/\/onlinevideoausbildung.de\/blog\/wp-json\/wp\/v2\/pages\/283","targetHints":{"allow":["GET"]}}],"collection":[{"href":"https:\/\/onlinevideoausbildung.de\/blog\/wp-json\/wp\/v2\/pages"}],"about":[{"href":"https:\/\/onlinevideoausbildung.de\/blog\/wp-json\/wp\/v2\/types\/page"}],"author":[{"embeddable":true,"href":"https:\/\/onlinevideoausbildung.de\/blog\/wp-json\/wp\/v2\/users\/3"}],"replies":[{"embeddable":true,"href":"https:\/\/onlinevideoausbildung.de\/blog\/wp-json\/wp\/v2\/comments?post=283"}],"version-history":[{"count":123,"href":"https:\/\/onlinevideoausbildung.de\/blog\/wp-json\/wp\/v2\/pages\/283\/revisions"}],"predecessor-version":[{"id":286,"href":"https:\/\/onlinevideoausbildung.de\/blog\/wp-json\/wp\/v2\/pages\/283\/revisions\/286"}],"wp:attachment":[{"href":"https:\/\/onlinevideoausbildung.de\/blog\/wp-json\/wp\/v2\/media?parent=283"}],"curies":[{"name":"wp","href":"https:\/\/api.w.org\/{rel}","templated":true}]}}