{"id":100,"date":"2010-07-05T22:05:10","date_gmt":"2010-07-05T20:05:10","guid":{"rendered":"https:\/\/onlinevideoausbildung.de\/blog\/?page_id=100"},"modified":"2019-03-17T16:51:03","modified_gmt":"2019-03-17T15:51:03","slug":"der-autor","status":"publish","type":"page","link":"https:\/\/onlinevideoausbildung.de\/blog\/der-autor\/","title":{"rendered":"Der Autor"},"content":{"rendered":"<h3>&nbsp;<\/h3>\n<h3><strong>iv\u00e1n GALiLEO<\/strong><\/h3>\n<p><span style=\"font-family: Trebuchet MS; font-size: 17px;\">ivan GALiLEO<\/span> ist ein Weltenb\u00fcrger mit verschiedenen Standorten und Herk\u00fcnften: Er wurde in <strong>Wien geboren<\/strong>. Sein Vater war aus Mittelamerika, genauer <strong>Nicaragua<\/strong>. Seine Mutter stammt ebenfalls aus Wien, ihre Mutter war wiederum eine <strong>Berlinerin<\/strong>.<\/p>\n<p>Sein Gro\u00dfvater war der bekannte <strong>Wiener Grafiker Lois Gaigg<\/strong>, der u.a. das <strong>Logo f\u00fcr die Sparkasse<\/strong> designt hat. So hat <span style=\"font-family: Trebuchet MS; font-size: 17px;\">ivan<\/span> in jeder Ortschaft, in der er durchf\u00e4hrt, sei es Deutschland oder \u00d6sterreich eine Erinnerung an seinen Opa, denn das rote Sparkassen \u201eS\u201c ist ja wirklich \u00fcberall pr\u00e4sent (er hat aber kein Konto dort und schon gar keinen Werbevertrag mit denen&#8230;).<\/p>\n<p>Der Musiker und Komponist <strong>Felix Mendelssohn Bartoldy<\/strong>, taucht auf einem alten Notizzettel auf dem ein Stammbaum abgebildet ist auf (in altem Fotoalbum): als Urgro\u00dfvater von <span style=\"font-family: Trebuchet MS; font-size: 20px;\">ivan&#8217;s<\/span> Mutter. Es handelt sich scheinbar um eine uneheliche Linie. Dies konnte aber leider nicht vom <strong>Berliner Staatsarchiv<\/strong> best\u00e4tigt werden und bleibt wohl auf ewig ungewiss. Ahnenforscher d\u00fcrfen sich ruhig melden. Den Komponisten des weltber\u00fchmten <strong>Hochzeitmarsches<\/strong>, als Ururgro\u00dfvater, das macht sich schon gut&#8230;<\/p>\n<p>Seine Eltern reisten gemeinsam viel herum und wechselten ihre Wohnorte oft zwischen <strong>Nicaragua, Deutschland und \u00d6sterreich<\/strong>. Das begann, als der Vater noch zeitungverkaufender Student war und endete, als&nbsp; dessen diplomatische Laufbahn als Botschafter in Deutschland und \u00d6sterreich, die berufliche Karriere kr\u00f6nte.<\/p>\n<p><strong><span style=\"font-family: Trebuchet MS; font-size: 17px;\">ivan GALiLEO<\/span><\/strong> erlebte als Kind in Mittelamerika, die Wirren des Krieges (\u00fcber 30.000 get\u00f6tete B\u00fcrger) in <strong>Managua <\/strong>und der <strong>Revolution<\/strong> des Nicaragua-Volkes gegen den damaligen Diktator Somoza. Er erlebte am Vor-Weihnachtsabend&nbsp; ein Erdbeben das \u00fcber 10.000 Menschen das Leben kosteten. Das pr\u00e4gte sein Verst\u00e4ndnis f\u00fcr Leid, Armut, Solidarit\u00e4t und Gerechtigkeit in der Welt. Aber auch nach der Motivation niemals aufzugeben und fokussiert zu bleiben, um so oft wie m\u00f6glich das Richtige zu tun und anderen zu helfen.<\/p>\n<p>Nach seinem <strong>Abitur (Matura) in Wien<\/strong>, studierte <span style=\"font-family: Trebuchet MS; font-size: 17px;\">ivan GALiLEO<\/span> an der Wiener Hochschule f\u00fcr Musik und darstellende Kunst (Heute: <strong>Musik Universit\u00e4t<\/strong>). Er beendete das Kurzstudium f\u00fcr <strong>Tontechnik mit ausgezeichnetem Erfolg<\/strong> am internen Institut f\u00fcr elektro-akustische Musik unter Professor Gottwald.<\/p>\n<p>Er interessierte sich neben den <strong>k\u00fcnstlerischen Aspekten<\/strong> auch immer um den <strong>Promotion- und Marketing-Faktor<\/strong> in der <strong>Medien-Landschaft<\/strong>. Er schrieb jahrelang <strong>Fachartikel<\/strong> f\u00fcr die damals gr\u00f6\u00dfte \u00f6sterreichische Musikbusiness-Zeitschrift <strong>Tschinn Bumm<\/strong>.<\/p>\n<p>Sp\u00e4ter besuchte er auch die <strong>School of Audio Engeneering (SAE)<\/strong> in Wien.<\/p>\n<p>Er arbeitete f\u00fcr den <strong>ORF als Tonassistent<\/strong>, betreute Funkmikrofone, sa\u00df auf den Kr\u00e4nen zum Tonangeln und stand auch bei Filmproduktionen mit der Mikrofon-Angel am Set. Gemeinsam mit seinem Studien-Kollegen und besten Freund Bernhard Bamberger als Tonmeister, waren sie f\u00fcr den guten Klang in privaten wie auch \u00f6ffentlich-rechtlichen Filmproduktionen verantwortlich. B. Bamberger ist nach wie vor einer der <strong>f\u00fchrenden Sounddesigner<\/strong> im \u00f6sterreichischen Filmbereich, w\u00e4hrend <span style=\"font-family: Trebuchet MS; font-size: 17px;\">ivan GALiLEO<\/span> seinen Expertenstatus im <strong>Konzert-Live-Sounddesign<\/strong> erreichte.<\/p>\n<p>Angefangen als Tonassistent (Stagehand des FOH-Mixers) bei internationalen Produktionen wie Tina Turner, David Bowie, Queen, Gary Moore, Whitney Houston, wollte er auch sich selbst den Status des Haupt-Tonmixers f\u00fcr Live-Tourneen erarbeiten. Das entwickelte sich bald zu&nbsp; Tourneen mit <strong>Jose Feliciano<\/strong>, Best of Musicals und nat\u00fcrlich jede Menge <strong>AustroPop<\/strong> in wechselnden Positionen: Erste Allgemeine Verunsicherung (<strong>EAV<\/strong>), Rainhard Fendrich, Stefanie Werger, Bilgeri, Zillertaler <strong>Sch\u00fcrzenj\u00e4ger<\/strong>, <strong>Peter Kraus<\/strong>, Festivals mit Wolfgang Ambros, <strong>Falco<\/strong>, und viele, viele mehr.<\/p>\n<p>Er schw\u00e4rmt noch heute von der tollen Atmosph\u00e4re von <strong>Live-Events in Stadions<\/strong> oder gro\u00dfen Hallen:<\/p>\n<p>\u201eEs ist unglaublich powervoll und erregend, wenn man mitten unter <strong>10 bis 15 Tausend Menschen<\/strong> an seinem <strong>Mischpult<\/strong> thront. Man f\u00fchlt sich wie Captain Kirk am Hauptdeck der Enterprise&#8230; Und auf der B\u00fchne spielt eine tolle Show, und ich ziehe alle Register und Regler um dem Publikum den besten Klang den diese Halle je geh\u00f6rt hat zu bieten&#8230; Der K\u00fcnstler steht vorne auf der B\u00fchne und weiss, dass er sich auf seinen Tonmann verlassen kann. Wir alle powern f\u00fcr 2 bis 3 Stunden die Magie des Live-Konzertes auf h\u00f6chste Qualit\u00e4tsstufen&#8230; Bis das Publikum&nbsp; in&nbsp; Trance und Begeisterung v\u00f6llig abhebt f\u00fcr die Show&#8230; (Haha, zumindest war das das Ziel&#8230; :))<\/p>\n<p>Ja. Das hat schon Spa\u00df und Freude gemacht. Der Applaus ist des K\u00fcnstlers Brot. <strong>Technik und Kunst in Perfektion<\/strong> hat mich schon immer begeistert. Sei es in der M\u00fcnchner Olympiahalle, Wiener Stadthalle, Z\u00fcricher Radstadion, Dortmunder Westfalenhalle, Essener Grugahalle, K\u00f6lner Lanxess Arena, Berliner ICC oder Friedrichstadtpalast, Hamburger Colorline Arena, Arena Oberhausen, Leipziger Gewandhaus (hier schlie\u00dft sich der Kreis zu Felix Mendelssohn Bartoldy&#8230;), etc, etc.<br \/>\nOder <strong>riesige OpenAirs<\/strong>: Berliner Waldb\u00fchne,&nbsp; Wiener Prater Stadion vor 24 000, am N\u00fcrburg Ring vor 40 000 und im Tiroler Zillertal vor 120 000 Menschen. <strong>Das rockt!<\/strong>\u201c<\/p>\n<p>Im Bereich Jazz hat er auch f\u00fcr viele internationale Stars gearbeitet wie Astrud Gilberto, Al Jarreau, Joe Zawinul, Mike Stern, Wolfman Washington (Blues), DeFunked oder Wiener Jazzgr\u00f6\u00dfen wie Harry Stojka, Ostinato, Willy Langer, Brian Cox, Charlie Ratzer, Oskar Klein, etc.<\/p>\n<p>Duran Duran war eine der beliebtesten 80er PopBands. Er machte mit ihnen einen kompletten Mehrspur-LiveMitschnitt einer ihrer Tourneen, mit dem Frank Zappa Gitarristen Warren Cuccurullo. Zu seiner absoluten Lieblingsmusik geh\u00f6rt der Funk und seine verschiedenen Auspr\u00e4gungen. Sei es Gro\u00dfmeister <strong>Prince<\/strong>, Tower of Power, Maceo Parker, Mother&#8217;s Finest, alle m\u00f6glichen Werke von Michael Jackson Produzent Quincy Jones, Level 42, Earth Wind and Fire und Kool and the Gang, f\u00fcr die er in Deutschland schon am Mischpult stand. Aber auch die Pop-Arrangierkunst der Bee Gees oder heute der Black Eyed Peas haben es ihm angetan.<\/p>\n<p>Groovige Musik halt, mit viel Bl\u00e4ser-Eins\u00e4tzen, funkigen Gitarrenriffs und treibenden Basslinien.<\/p>\n<p>In \u00d6sterreich hat <span style=\"font-family: Trebuchet MS; font-size: 17px;\">ivan<\/span> mal f\u00fcr ein paar Tage mit dem britischen Tontechniker von Prince, George Michael und Pink Floyd gearbeitet: Ivan am Mischpult und Tom beim Einmessen der Open Air Beschallungsanlage f\u00fcr ein&nbsp; \u00fcber 100 000 Zuh\u00f6rer-Festival. Ein voller Erfolg. Prince selbst hat er bei einer Aftershow Party im Wiener U4 kennengelernt.<\/p>\n<p>Er produzierte auch komplette Classic-CDs im Studio und machte Gro\u00dfchor-Aufnahmen. Mit dem <strong>Vienna Symphonic Orchestra Project<\/strong> arbeitete er als Monitor-Soundtechniker.<\/p>\n<p>In Deutschland war er auch f\u00fcr die <strong>gesamte Riege<\/strong> des <strong>deutschen Schlagers<\/strong> als Live-Mixer am Mischpult: Vom guten alten Heino und Tony Marschall bis <strong>Florian Silbereisen,<\/strong> <strong>Andy Borg <\/strong>oder<strong> Anita und Alexandra Hofmann<\/strong>, war er sicher f\u00fcr \u00fcber 50 bekannte K\u00fcnstler als Soundspezialist unterwegs. Darunter auch bekannte damalige Fernsehsendungen auf Tournee, wie z.B. ZDF: Lustige Musikanten mit Marianne und Michael.<\/p>\n<p>Auch die beliebte <strong>RTL-Moderatorin Inka Bause<\/strong> hat ivan jahrelang auf Tourneen betreut, da diese auch als S\u00e4ngerin eine treue Fangemeinde hat. In den 80ern hatte Inka einige Hits im Deutsch-Pop-Schlager Sektor.<\/p>\n<p>Nat\u00fcrlich gab&#8217;s auch coole lokale Funk- und Rockbands im Repertoire wie z.B die Soul Sisters, oder Coverbands wie &#8222;Struwwelpeter&#8220; oder &#8222;Die F\u00fcrsten&#8220; (Lords of Jam).<\/p>\n<p>Auf&nbsp; einer Schlager-Weihnacht-Tournee mit dem Musikantenstadl Moderator und S\u00e4nger Andy Borg, passierte 2003 ein tragischer Tourneebus-Unfall. Dieser brachte <span style=\"font-family: Trebuchet MS; font-size: 17px;\">ivan GALiLEO<\/span> f\u00fcr mehrere Monate ins Krankenhaus und etliche Jahre Reha. Die Verletzungen am linken Bein machten eine R\u00fcckkehr auf die B\u00fchnen- und Tourneearbeit unm\u00f6glich.<\/p>\n<p>In dieser Zeit begann sich <span style=\"font-family: Trebuchet MS; font-size: 17px;\">ivan GALiLEO<\/span> mit <strong>Internet-Marketing und Webdesign<\/strong> auseinander zu setzten. Er besuchte die<strong> SRH Business-Academy in Heidelberg (heute Fachschulen f\u00fcr IT und Medien)<\/strong> und machte einen weiteren Abschluss als <strong>Mediengestalter<\/strong> f\u00fcr Print und Digital Medien, Hauptrichtung Webdesign.<\/p>\n<p><span style=\"font-family: Trebuchet MS; font-size: 17px;\">ivan GALiLEO<\/span> lernte auch Promotion und Live-Seminare zu halten, um Teams in Networking Unternehmen mit motivierenden Erfolgsmethoden vertraut zu machen. Auch seine Live-Seminare zu allen m\u00f6glichen Themen der <strong>Audiotechnik <\/strong>(z.B. f\u00fcr Vienna Art Institute), gaben ihm die Routine, mit der er heute viele <strong>Internet-Marketer<\/strong> und <strong>Videofilmer<\/strong>, zu mehr Erfolg in ihrem Bereich, verhilft.<\/p>\n<p>Selbst <strong>Software-Hersteller<\/strong> f\u00fcr Video- und Design-Programme engagieren ihn heute immer wieder f\u00fcr Produktschulungen und Kreativit\u00e4tsseminare, welche er unabh\u00e4ngig von seinen <strong>eigenen Live-Workshops und Kursen<\/strong> durchf\u00fchrt.<\/p>\n<p>Er analysierte \u00fcber <strong>1200 OnlineVideos<\/strong> und beobachtet auch heute w\u00f6chentlich mindestens<strong> 3 VideoLaunches<\/strong> oder andere Video-Werbekampagnen. Haupts\u00e4chlich aus den USA, aber auch europ\u00e4ische Produktionen. Es gibt gravierende Unterschiede; auch was die Zielgruppen und deren Denke betrifft.<\/p>\n<p>Er arbeitete f\u00fcr den f\u00fchrende Buch-Versand f\u00fcr esoterische Literatur.&nbsp; Als diese sein Konzept f\u00fcr <strong>Newsletter-Marketing, VideoMarketing, Community-Aufbau und Social Media Integration<\/strong> nicht umsetzen wollten, trennten sich die Wege wieder. Diese Konzepte geh\u00f6ren mittlerweile zum Standard jeder gr\u00f6\u00dferen und erfolgreichen Marketing- und (Pre-)LaunchAktion im deutschsprachigen Raum (Wir haben ja schlie\u00dflich doch einiges gelernt und adaptiert, von den Top-Marketern aus den USA). Bei einer der gr\u00f6\u00dften Internetagenturen im S\u00fcden Deutschlands fand er mehr Geh\u00f6r und konnte viele <strong>Videoproduktionen f\u00fcr Unternehmen<\/strong> erstellen.<\/p>\n<p>Aus den Gespr\u00e4chen und Erfahrungen sowohl mit Agenturen als auch Unternehmen und Endkunden verfeinerte er sein Konzept des <strong>Online-VideoMarketings<\/strong> noch einmal und produzierte selbst einige <strong>Lehrfilme<\/strong> dazu f\u00fcr interessierte Unternehmen und Selbst\u00e4ndige. Daraus wurde immer mehr und mehr, bis er eine eigene <strong>Online-Filmschule<\/strong> er\u00f6ffnete. Auch dieses Konzept wurde erweitert und seine Werke, <strong>Videokurse, Videoschulen, MarketingAkademien<\/strong> werden von der Firma <strong>GalileoMarketing<\/strong> vertrieben und promoted.<\/p>\n<p>Fr\u00fcher spielte er in der Wiener <strong>Rhythm&#8217;n&#8217;Funk Band<\/strong> \u201eAgent Orange\u201c, sp\u00e4ter auch bei \u201eVienna Transport System\u201c die Rhythmus- und Leadgitarre. Und nebenbei spielte er auch Lateinamerikanische Musik im Santana- und Salsa-Stil mit der Gruppe \u201eParama\u201c.<\/p>\n<p>Mit seinen ersten 2 B\u00e4nds spielte er gemeinsam mit Gr\u00fcnder und S\u00e4nger Markus Stachl bis in den bekannten <strong>Wiener Szene Club U4<\/strong>. Markus spielte dann in der bekanntesten \u00f6sterr. CrossoverRockband \u201e<strong>Paradise Now!<\/strong>\u201c die <span style=\"font-family: Trebuchet MS; font-size: 17px;\">ivan<\/span> anfangs noch als Tontechniker mitbetreute. Paradise Now! spielten vor Riesenpublikum als Vorgruppe von Rolling Stones, U2 und David Bowie. Derzeit macht Markus mit seinem Band-Projekt \u201eDachs\u201c viel gute Musik\/IndieRock.<\/p>\n<p><span style=\"font-family: Trebuchet MS; font-size: 17px;\">ivan&#8217;s<\/span> Schwester hat sich auch im Schneideraum f\u00fcr \u00f6sterr. Fernseh-Produktionen einen Namen gemacht, z.B. f\u00fcr <strong>Kommissar Rex<\/strong>, SOKO Kitzb\u00fchl oder die Live DVD von <strong>Christine St\u00fcrmer<\/strong>. So konnte <span style=\"font-family: Trebuchet MS; font-size: 17px;\">ivan<\/span> auch die High End Video Soft- und Hardware kennenlernen, mit der in internationalen Filmstudios gearbeitet wird.<\/p>\n<p><span style=\"font-family: Trebuchet MS; font-size: 17px;\">ivan<\/span> unterst\u00fctzt das internationale Hilfswerk \u201e<strong>Meine kleinen Br\u00fcder und Schwestern<\/strong>\u201c, welches Schulen und Wohnst\u00e4tten baut und ein Zuhause f\u00fcr tausende <strong>Waisenkinder<\/strong> in Afrika und Lateinamerika ist. Er selbst hat dort ein <strong>Patenkind<\/strong>. Auch der deutsche Soul-S\u00e4nger <strong>Max Mutzke<\/strong> und Revolverheld, sowie die Schauspielerinnen Alissa Jung und Janin Reinhardt unterst\u00fctzen Projekte dieses Hilfswerks, z.B. &#8222;Schulen f\u00fcr Haiti&#8220;.<\/p>\n<p>Und <span style=\"font-family: Trebuchet MS; font-size: 17px;\">ivan<\/span> hat auch <strong>2 wunderbare eigene Kids<\/strong>, die auch schon ganz sch\u00f6n kreativ sind&#8230;<strong> \ud83d\ude42<\/strong><\/p>\n<p>Autodidaktisch lernte <span style=\"font-family: Trebuchet MS; font-size: 17px;\">ivan GALiLEO<\/span> das Gitarrespielen, Musik zu komponieren und Karikaturen zu zeichnen. Auch dieses Wissen gibt er auf ungew\u00f6hnlich frische, unterhaltsame Weise wieder, so dass die Kursteilnehmer immer viel Spa\u00df beim Lernen von neuen F\u00e4higkeiten haben.<\/p>\n<p>Seit Kindheit ist sein gr\u00f6\u00dftes Hobby-Interessensgebiet: die <strong>Astronomie<\/strong>. Das beschreiben und beobachten des n\u00e4chtlichen Sternenhimmels war f\u00fcr ihn immer schon eine faszienierende Quelle der Inspiration. Anfangs betrachtete er alles rein aus wissenschaftlicher Perspektive. Durch die ber\u00fchmten Astronomen der Geschichte lernte er aber auch bald die Wissenschaft durch spirituelle Ans\u00e4tze zu erg\u00e4nzen. Fr\u00fcher waren die Grenzen zwischen Wissenschaft, Kunst und Holismus flie\u00dfender. Das hei\u00dft, ein Kepler, ein Paracelsus, ein Goethe, selbst ein Einstein, befassen sich neben der f\u00fcr sie aktuellen Forschung auch mit jahrtausende alten Lehren wie Alchemie, Kabbala, Analogiegesetze, etc. um immer offen zu sein f\u00fcr neue Erkl\u00e4rungsmodelle des Universums. So er\u00f6ffnet sich ihm heute ein breites Spektrum an ganzheitlicher Sicht auf das Abenteuer Leben.<\/p>\n<p>Neben seinen <strong>OnlineVideo-Kursen<\/strong>, gibt <span style=\"font-family: Trebuchet MS; font-size: 17px;\">ivan GALiLEO<\/span> auch Live-Seminare zu den Themen:<\/p>\n<ul>\n<li>Suchmaschinen-Optimierung (SEO)<\/li>\n<li>Website-Marketing<\/li>\n<li>Google AdWords<\/li>\n<li>Social Media &amp; Community-Marketing<\/li>\n<li>Video- und Multimedia-Software<\/li>\n<li>kreatives Video-Filmen<\/li>\n<li>VideoMarketing<\/li>\n<li>Produkte und Dienstleistungen im Video optimal pr\u00e4sentieren.<\/li>\n<li>Video-Reportagen und Video-Journalismus<\/li>\n<li>Rhetorik &amp; Verhalten vor der Kamera<\/li>\n<li>Werbevideos ohne selbst im Bild zu sein<\/li>\n<\/ul>\n<p><!--\nEinige der herausragendsten<strong> OnlineVideoProdukte<\/strong>, die er als Autor, Dozent, Redakteur und Video-Produzent <strong>betreut <\/strong>bzw. gerade <strong>relauncht<\/strong>, sind:\n\nOnlineVideoAusbildung.de\nOnlineVideoAusbildung.de\/blog\n<a title=\"VideoMarketing videoMarketer\" href=\"http:\/\/www.videomarketer.de\" target=\"_blank\" rel=\"noopener noreferrer\">videoMarketer.de<\/a>\nVideoMarketingAkademie.de\nVideoKomplettPaket.de\n\nweiters in Produktion sind:\nErfolgReichSein.TV\nErfolgsmeister.de\n\nGitarrenTricks.de\nKarikaturenZeichnen.de\n\nWie gesagt, befindet sich alles gerade im Aufbau, denn <strong>High Definition<\/strong> macht alles neu... Nicht nur im TV...\n--><\/p>\n<p><span style=\"font-family: Trebuchet MS;\"><span style=\"font-size: 8px;\"><strong>u<\/strong><\/span><\/span><span style=\"font-family: Trebuchet MS;\"><span style=\"font-size: 9px;\"><strong>u<\/strong><\/span><\/span><span style=\"font-family: Trebuchet MS;\"><span style=\"font-size: 12px;\"><strong>u<\/strong><\/span><\/span><span style=\"font-family: Trebuchet MS;\"><span style=\"font-size: 14px;\"><strong>u<\/strong><\/span><\/span><span style=\"font-family: Trebuchet MS;\"><span style=\"font-size: 16px;\"><strong>u<\/strong><\/span><\/span><span style=\"font-family: Trebuchet MS;\"><span style=\"font-size: x-large;\"><strong>und&#8230; \u00c4ktschn&#8230;!<\/strong><\/span><\/span><\/p>\n","protected":false},"excerpt":{"rendered":"<p>&nbsp; iv\u00e1n GALiLEO ivan GALiLEO ist ein Weltenb\u00fcrger mit verschiedenen Standorten und Herk\u00fcnften: Er wurde in Wien geboren. Sein Vater war aus Mittelamerika, genauer Nicaragua. Seine Mutter stammt ebenfalls aus Wien, ihre Mutter war wiederum eine Berlinerin. Sein Gro\u00dfvater war der bekannte Wiener Grafiker Lois Gaigg, der u.a. das Logo f\u00fcr die Sparkasse designt hat. [&hellip;]<\/p>\n","protected":false},"author":3,"featured_media":0,"parent":0,"menu_order":1,"comment_status":"open","ping_status":"open","template":"","meta":{"site-sidebar-layout":"default","site-content-layout":"default","ast-site-content-layout":"default","site-content-style":"default","site-sidebar-style":"default","ast-global-header-display":"","ast-banner-title-visibility":"","ast-main-header-display":"","ast-hfb-above-header-display":"","ast-hfb-below-header-display":"","ast-hfb-mobile-header-display":"","site-post-title":"","ast-breadcrumbs-content":"","ast-featured-img":"","footer-sml-layout":"","ast-disable-related-posts":"","theme-transparent-header-meta":"default","adv-header-id-meta":"","stick-header-meta":"","header-above-stick-meta":"","header-main-stick-meta":"","header-below-stick-meta":"","astra-migrate-meta-layouts":"default","ast-page-background-enabled":"default","ast-page-background-meta":{"desktop":{"background-color":"","background-image":"","background-repeat":"repeat","background-position":"center center","background-size":"auto","background-attachment":"scroll","background-type":"","background-media":"","overlay-type":"","overlay-color":"","overlay-opacity":"","overlay-gradient":""},"tablet":{"background-color":"","background-image":"","background-repeat":"repeat","background-position":"center center","background-size":"auto","background-attachment":"scroll","background-type":"","background-media":"","overlay-type":"","overlay-color":"","overlay-opacity":"","overlay-gradient":""},"mobile":{"background-color":"","background-image":"","background-repeat":"repeat","background-position":"center center","background-size":"auto","background-attachment":"scroll","background-type":"","background-media":"","overlay-type":"","overlay-color":"","overlay-opacity":"","overlay-gradient":""}},"ast-content-background-meta":{"desktop":{"background-color":"var(--ast-global-color-5)","background-image":"","background-repeat":"repeat","background-position":"center center","background-size":"auto","background-attachment":"scroll","background-type":"","background-media":"","overlay-type":"","overlay-color":"","overlay-opacity":"","overlay-gradient":""},"tablet":{"background-color":"var(--ast-global-color-5)","background-image":"","background-repeat":"repeat","background-position":"center center","background-size":"auto","background-attachment":"scroll","background-type":"","background-media":"","overlay-type":"","overlay-color":"","overlay-opacity":"","overlay-gradient":""},"mobile":{"background-color":"var(--ast-global-color-5)","background-image":"","background-repeat":"repeat","background-position":"center center","background-size":"auto","background-attachment":"scroll","background-type":"","background-media":"","overlay-type":"","overlay-color":"","overlay-opacity":"","overlay-gradient":""}},"footnotes":""},"class_list":["post-100","page","type-page","status-publish","hentry"],"_links":{"self":[{"href":"https:\/\/onlinevideoausbildung.de\/blog\/wp-json\/wp\/v2\/pages\/100","targetHints":{"allow":["GET"]}}],"collection":[{"href":"https:\/\/onlinevideoausbildung.de\/blog\/wp-json\/wp\/v2\/pages"}],"about":[{"href":"https:\/\/onlinevideoausbildung.de\/blog\/wp-json\/wp\/v2\/types\/page"}],"author":[{"embeddable":true,"href":"https:\/\/onlinevideoausbildung.de\/blog\/wp-json\/wp\/v2\/users\/3"}],"replies":[{"embeddable":true,"href":"https:\/\/onlinevideoausbildung.de\/blog\/wp-json\/wp\/v2\/comments?post=100"}],"version-history":[{"count":65,"href":"https:\/\/onlinevideoausbildung.de\/blog\/wp-json\/wp\/v2\/pages\/100\/revisions"}],"predecessor-version":[{"id":1602,"href":"https:\/\/onlinevideoausbildung.de\/blog\/wp-json\/wp\/v2\/pages\/100\/revisions\/1602"}],"wp:attachment":[{"href":"https:\/\/onlinevideoausbildung.de\/blog\/wp-json\/wp\/v2\/media?parent=100"}],"curies":[{"name":"wp","href":"https:\/\/api.w.org\/{rel}","templated":true}]}}